{"id":17,"date":"2024-07-29T11:55:35","date_gmt":"2024-07-29T11:55:35","guid":{"rendered":"https:\/\/indiramorenogomez.com\/?page_id=17"},"modified":"2024-12-27T18:57:01","modified_gmt":"2024-12-27T18:57:01","slug":"bio","status":"publish","type":"page","link":"https:\/\/indiramorenogomez.com\/index.php\/bio\/","title":{"rendered":"BIO"},"content":{"rendered":"\n<p class=\"has-medium-font-size\" style=\"font-style:italic;font-weight:900\"><strong>Indira Moreno G\u00f3mez<\/strong><\/p>\n\n\n\n<div style=\"height:0px\" aria-hidden=\"true\" class=\"wp-block-spacer\"><\/div>\n\n\n\n<p class=\"has-text-align-center has-small-font-size\" style=\"font-style:italic;font-weight:100\">Indira Moreno ist eine Musikerin und P\u00e4dagogin mit einer soliden akademischen Ausbildung und einer Leidenschaft f\u00fcr soziale Inklusion durch Musik. Derzeit absolviert sie ein Masterstudium in Elementarer Musikp\u00e4dagogik an der Z\u00fcrcher Hochschule der K\u00fcnste (ZHdK) in Z\u00fcrich, Schweiz, wo sie auch ein Nebenfach in Kinderchorleitung belegt. Zudem schlie\u00dft sie ein Bachelorstudium in Instrumental- und Gesangsp\u00e4dagogik an der Stella Vorarlberg Private Hochschule f\u00fcr Musik in \u00d6sterreich ab. Ihre Ausbildung umfasst einen Bachelor in Musikp\u00e4dagogik und einen weiteren in Musikalischer Interpretation mit Schwerpunkt auf klassischer Geige an der Nationalen Universit\u00e4t von Kolumbien sowie einen Master in Kulturmanagement an der Jorge Tadeo Lozano Universit\u00e4t in Kolumbien. Diese breite Ausbildung verleiht ihr eine bereichernde Perspektive auf Musik und Lehre.<\/p>\n\n\n\n<p class=\"has-text-align-center has-small-font-size\" style=\"font-style:italic;font-weight:100\">Mit mehreren Jahren Erfahrung in der Musikvermittlung zeichnet sich Indira durch ihren spielerischen und kreativen Ansatz aus, indem sie st\u00e4ndig versucht, Lernumgebungen zu schaffen, die benachteiligte Gemeinschaften st\u00e4rken. Sie hat ein besonderes Interesse an der Arbeit mit Folklore-Musik als Mittel zur Inklusion und zur F\u00f6rderung kultureller Vielfalt. Als Geigerin hat sie in Ensembles in der Schweiz, \u00d6sterreich und Kolumbien mitgewirkt und sowohl klassische Musik als auch traditionelle lateinamerikanische Musik interpretiert. Ihre musikalische Vielseitigkeit und ihre F\u00e4higkeit, mit dem Publikum zu kommunizieren, pr\u00e4gen ihr k\u00fcnstlerisches Profil.<\/p>\n\n\n\n<p class=\"has-text-align-center has-small-font-size\" style=\"font-style:italic;font-weight:100\">Indira spielt auch eine zentrale Rolle als Kulturagentin, indem sie R\u00e4ume f\u00fcr den kommunikativen Dialog durch Kunst \u00f6ffnet und die kulturelle Identit\u00e4t st\u00e4rkt. In ihrem Projekt \u201cPregoneros\u201d konzentriert sie sich auf die soziale Integration von Kindern in vulnerablen Situationen durch Musik, wobei sie ihre Kunst als Werkzeug zur Transformation und Verbesserung der Lebensqualit\u00e4t nutzt.<\/p>\n\n\n\n<hr class=\"wp-block-separator has-alpha-channel-opacity\"\/>\n\n\n\n<p class=\"has-text-align-center has-medium-font-size\" style=\"font-style:italic;font-weight:700\"><strong>    Ausbildung<\/strong><\/p>\n\n\n\n<figure class=\"wp-block-table is-style-stripes\"><table class=\"has-fixed-layout\"><tbody><tr><td>Seit August 2024 &#8211; Voraussichtlich Juli 2027 &nbsp;<\/td><td><strong>Master-Studium Elementare Musikp\u00e4dagogik: Major<\/strong> Minor: Kinderchorleitung Z\u00fcrcher Hochschule der K\u00fcnste (ZHdK), Z\u00fcrich &#8211; Schweiz &nbsp;<\/td><\/tr><tr><td>Seit August 2022- Voraussichtlich Juli 2026 &nbsp;<\/td><td><strong>Bachelor in Instrumental und Gesangsp\u00e4dagogik \u2013 Violine (IGP)<\/strong> Schwerpunkt: Elementare Musikp\u00e4dagogik, Stella Vorarlberg Privathochschule f\u00fcr Musik, Feldkirch &#8211; \u00d6sterreich &nbsp;<\/td><\/tr><tr><td>01. 2021 \u2013 12. 2022<\/td><td><strong>Master in Management und Produktion im kulturellen und audiovisuellen Bereich<\/strong> Jorge Tadeo Lozano Universit\u00e4t, Bogot\u00e1 &#8211; Kolumbien &nbsp;<\/td><\/tr><tr><td>01. 2016 \u2013 12. 2020<\/td><td><strong>Bachelor in Musikp\u00e4dagogik<\/strong> Schwerpunkt: Elementare Musikp\u00e4dagogik, Nationale Universit\u00e4t von Kolumbien, Bogot\u00e1 &#8211; Kolumbien &nbsp;<\/td><\/tr><tr><td>01. 2015- 12. 2019<\/td><td><strong>Bachelor in musikalischer Performance<\/strong> Hauptfach klassische Violine, Nationale Universit\u00e4t von Kolumbien, Bogot\u00e1 &#8211; Kolumbien<\/td><\/tr><\/tbody><\/table><\/figure>\n\n\n\n<hr class=\"wp-block-separator has-alpha-channel-opacity\"\/>\n\n\n\n<p class=\"has-text-align-center has-medium-font-size\" style=\"font-style:italic;font-weight:500\"><strong>&nbsp;Ausbildung Violine<\/strong><\/p>\n\n\n\n<figure class=\"wp-block-table is-style-stripes\"><table class=\"has-fixed-layout\"><tbody><tr><td>&nbsp;Seit 2022<\/td><td>Editha Fetz und Regine Florey, Stella Vorarlberg Private Hochschule f\u00fcr Musik, \u00d6sterreich &nbsp;<\/td><\/tr><tr><td>&nbsp;2015 &#8211; 2019<\/td><td>Camilo Guevara und Antonia Kapitanova, Nationale Universit\u00e4t von Kolumbien, Kolumbien &nbsp;<\/td><\/tr><tr><td>&nbsp;2014 &#8211; 2015<\/td><td>Amparo Botero, Musikprogramm der Javeriana Universit\u00e4t, Kolumbien &nbsp;<\/td><\/tr><tr><td>&nbsp;2008 \u2013 2014<\/td><td>Johanna Vela Orostegui, Musikstiftung Batuta Kolumbien<\/td><\/tr><\/tbody><\/table><\/figure>\n\n\n\n<hr class=\"wp-block-separator has-alpha-channel-opacity\"\/>\n\n\n\n<div class=\"wp-block-columns is-layout-flex wp-container-core-columns-is-layout-9d6595d7 wp-block-columns-is-layout-flex\">\n<div class=\"wp-block-column is-layout-flow wp-block-column-is-layout-flow\" style=\"flex-basis:33.33%\"><\/div>\n\n\n\n<div class=\"wp-block-column is-layout-flow wp-block-column-is-layout-flow\" style=\"flex-basis:66.66%\">\n<p class=\"has-text-align-left has-medium-font-size\" style=\"font-style:italic;font-weight:500\"><strong>        Kurse \/ Weiterbildungen<\/strong><\/p>\n<\/div>\n<\/div>\n\n\n\n<figure class=\"wp-block-table is-style-stripes\"><table class=\"has-fixed-layout\"><tbody><tr><td>&nbsp; 2024<\/td><td><strong>Mitglied des Ausbildungsprogramms \u201eCreative enterprises that<\/strong> <strong>impact communities\u201c<\/strong> The Global Leaders Programm, Online &nbsp;<\/td><\/tr><tr><td>&nbsp; 2024<\/td><td><strong>Workshops: Taking Orff &#8211; Mit H\u00e4nden und F\u00fc\u00dfen; Pleasure, Play &amp; Fun &#8211; The Imaginative Spirit in Dance <\/strong>Christa Coogan <strong>Rhythmik bewegt alle Generationen <\/strong>Monika Mayr, \u00d6sterreich &nbsp;<\/td><\/tr><tr><td>&nbsp;2021<\/td><td><strong>Kurs in Musik und sozialer Transformation<\/strong> Javeriana Universit\u00e4t und Jugendphilharmonieorchester von Kolumbien, Bogot\u00e1 &#8211; Kolumbien \u00a0<\/td><\/tr><tr><td>&nbsp;2021<\/td><td><strong>Kurs in musikalischer Fr\u00fcherziehung<\/strong> Internationales Suzuki Festival, Javeriana Universit\u00e4t, Bogot\u00e1 &#8211; Kolumbien \u00a0<\/td><\/tr><tr><td>&nbsp;2020 &#8211; 2021<\/td><td><strong>Kurse in musikalischer Blindenschrift (Level 1, 2 und 3<\/strong>) Blue Illusion Artistic Corporation, Bogot\u00e1 &#8211;  Kolumbien \u00a0<\/td><\/tr><tr><td>&nbsp;2020<\/td><td><strong>Grundkurs Gesangstechnik<\/strong> Lerndienst SENA, \u00a0 Bogot\u00e1 &#8211; Kolumbien \u00a0<\/td><\/tr><tr><td>&nbsp;2017<\/td><td><strong>Universit\u00e4tsfestival f\u00fcr Folkloret\u00e4nze<\/strong> Kolumbianische Universit\u00e4tsverband, Bogot\u00e1 &#8211; Kolumbien \u00a0<\/td><\/tr><tr><td>&nbsp;2011<\/td><td><strong>Orchester-Treffen und 8. Kammermusiktreffen<\/strong> Universit\u00e4t Javeriana, Bogot\u00e1 &#8211; Kolumbien \u00a0<\/td><\/tr><tr><td>&nbsp;2009<\/td><td><strong>Kurs in Modernem Tanz<\/strong> Efapa K\u00fcnstler-Ausbildungsschule, Bogot\u00e1 &#8211; Kolumbien \u00a0<\/td><\/tr><\/tbody><\/table><\/figure>\n\n\n\n<div style=\"height:10px\" aria-hidden=\"true\" class=\"wp-block-spacer\"><\/div>\n\n\n\n<hr class=\"wp-block-separator has-alpha-channel-opacity\"\/>\n\n\n\n<div class=\"wp-block-columns is-layout-flex wp-container-core-columns-is-layout-9d6595d7 wp-block-columns-is-layout-flex\">\n<div class=\"wp-block-column is-layout-flow wp-block-column-is-layout-flow\" style=\"flex-basis:33.33%\"><\/div>\n\n\n\n<div class=\"wp-block-column is-layout-flow wp-block-column-is-layout-flow\"><\/div>\n\n\n\n<div class=\"wp-block-column is-layout-flow wp-block-column-is-layout-flow\" style=\"flex-basis:66.66%\">\n<p class=\"has-text-align-left has-medium-font-size\" style=\"font-style:italic;font-weight:500\">            <strong>Berufserfahrung<\/strong><\/p>\n<\/div>\n<\/div>\n\n\n\n<figure class=\"wp-block-table is-style-stripes\"><table class=\"has-fixed-layout\"><tbody><tr><td><strong>&nbsp;<\/strong>09. 2024 \u2013 &nbsp;01. 2025<\/td><td><strong>EMP Lehrerin<\/strong> Musikschule Rankweil (Vikariat), \u00a0 Rankweil &#8211; \u00d6sterreich \u00a0<\/td><\/tr><tr><td>&nbsp;Seit 2022<\/td><td><strong>Zuz\u00fcgerin und Stimmf\u00fchrerin in diversen Orchestern<\/strong>, Schweiz und \u00d6sterreich &nbsp;<\/td><\/tr><tr><td>&nbsp;Seit 2021<\/td><td><strong>Projektmanagerin P\u00e4dagogisches Projekt \u201cPregoneros\u201d<\/strong> In Zusammenarbeit mit Kindern und Jugendlichen in Armut, um \u00fcber Spiel&nbsp;und Musik die Inklusion in der Gesellschaft zu f\u00f6rdern. <a href=\"https:\/\/pregonerosmcj.wixsite.com\/my-site\">https:\/\/pregonerosmcj.wixsite.com\/my-site<\/a>, Online &#8211; Kolumbien &nbsp;<\/td><\/tr><tr><td>&nbsp;2020 &#8211; 2021<\/td><td><strong>Lehrerin f\u00fcr Geige und Elementare Musikp\u00e4dagogik<\/strong> Nationalstiftung \u201cBatuta\u201d, \u00a0 Bogot\u00e1 &#8211; Kolumbien \u00a0<\/td><\/tr><tr><td>&nbsp;2017 &#8211; 2021<\/td><td><strong>Violinistin<\/strong> Jugendphilharmonieorchester von Bogot\u00e1, Nationales Jugendphilharmonieorchester von Kolumbien und andere, Bogot\u00e1 &#8211; Kolumbien \u00a0<\/td><\/tr><tr><td>&nbsp;2016 &#8211; 2020<\/td><td><strong>Violinistin<\/strong> Tangoquintetts \u201eAnonymous\u201c &#8211; Salsa-Orchester \u201eCharanga la Nueva\u201c, Bogot\u00e1 &#8211; Kolumbien<\/td><\/tr><\/tbody><\/table><\/figure>\n\n\n\n<hr class=\"wp-block-separator has-alpha-channel-opacity\"\/>\n\n\n\n<div class=\"wp-block-columns is-layout-flex wp-container-core-columns-is-layout-9d6595d7 wp-block-columns-is-layout-flex\">\n<div class=\"wp-block-column is-layout-flow wp-block-column-is-layout-flow\" style=\"flex-basis:33.33%\"><\/div>\n\n\n\n<div class=\"wp-block-column is-layout-flow wp-block-column-is-layout-flow\" style=\"flex-basis:66.66%\">\n<p class=\"has-text-align-left has-medium-font-size\" style=\"font-style:italic;font-weight:500\">       <strong>Preise und Auszeichnungen<\/strong><\/p>\n<\/div>\n<\/div>\n\n\n\n<figure class=\"wp-block-table is-style-stripes\"><table class=\"has-fixed-layout\"><tbody><tr><td>&nbsp;2015<\/td><td><strong>Selektion zur Mitwirkung Orchestertournee La Via Dei Concerti<\/strong>, Trento &#8211; Italien \u00a0<\/td><\/tr><tr><td>&nbsp;2015<\/td><td><strong>Gewinnerin des Wettbewerbs: Junge Solistin der Sinfonieorchester<\/strong> <strong>\u00a0Batuta<\/strong>, Bogot\u00e1 &#8211; Kolumbien \u00a0<\/td><\/tr><tr><td>&nbsp;2013 &#8211; 2015<\/td><td><strong>Selektion zur Mitwirkung &#8211; Philharmonischen Orchester von Bogot\u00e1<\/strong> <strong>\u00a0und Nationalen Sinfonieorchester von Kolumbien<\/strong>, Bogot\u00e1 &#8211;  Kolumbien \u00a0<\/td><\/tr><tr><td>&nbsp;2014<\/td><td><strong>Gewinnerin des Wettbewerbs \u201eJunge Solisten der Javeriana<\/strong> <strong>Universit\u00e4t<\/strong>, Bogot\u00e1 &#8211; Kolumbien \u00a0 \u00a0<\/td><\/tr><tr><td>&nbsp;2014<\/td><td><strong>Selektion zur Mitwirkung im Sinfonieorchester f\u00fcr den 69.<\/strong> <strong>\u00a0Geburtstag der UNO<\/strong>, New York City &#8211;  USA \u00a0<\/td><\/tr><tr><td>&nbsp;2014<\/td><td><strong>Gewinnerin des Wettbewerbs: Junge herausragende Solistinnen der<\/strong> <strong>Universidad Javeriana<\/strong>, Bogot\u00e1 &#8211; Kolumbien \u00a0<\/td><\/tr><tr><td>&nbsp;2008<\/td><td><strong>Gewinnerin des Wettbewerbs: Erstes Musikfestival des Stadtteils<\/strong> <strong>Puente Aranda<\/strong> Kategorie Unver\u00f6ffentlichtes Lied, Bogot\u00e1 &#8211; Kolumbien<\/td><\/tr><\/tbody><\/table><\/figure>\n","protected":false},"excerpt":{"rendered":"<p>Indira Moreno G\u00f3mez Indira Moreno ist eine Musikerin und P\u00e4dagogin mit einer soliden akademischen Ausbildung und einer Leidenschaft f\u00fcr soziale Inklusion durch Musik. Derzeit absolviert sie ein Masterstudium in Elementarer Musikp\u00e4dagogik an der Z\u00fcrcher Hochschule der K\u00fcnste (ZHdK) in Z\u00fcrich, Schweiz, wo sie auch ein Nebenfach in Kinderchorleitung belegt. Zudem schlie\u00dft sie ein Bachelorstudium in Instrumental- und Gesangsp\u00e4dagogik an der Stella Vorarlberg Private Hochschule f\u00fcr Musik in \u00d6sterreich ab. Ihre Ausbildung umfasst einen Bachelor in Musikp\u00e4dagogik und einen weiteren in Musikalischer Interpretation mit Schwerpunkt auf klassischer Geige an der Nationalen Universit\u00e4t von Kolumbien sowie einen Master in Kulturmanagement an der Jorge Tadeo Lozano Universit\u00e4t in Kolumbien. Diese breite Ausbildung verleiht ihr eine bereichernde Perspektive auf Musik und Lehre. Mit mehreren Jahren Erfahrung in der Musikvermittlung zeichnet sich Indira durch ihren spielerischen und kreativen Ansatz aus, indem sie st\u00e4ndig versucht, Lernumgebungen zu schaffen, die benachteiligte Gemeinschaften st\u00e4rken. Sie hat ein besonderes Interesse an der Arbeit mit Folklore-Musik als Mittel zur Inklusion und zur F\u00f6rderung kultureller Vielfalt. Als Geigerin hat sie in Ensembles in der Schweiz, \u00d6sterreich und Kolumbien mitgewirkt und sowohl klassische Musik als auch traditionelle lateinamerikanische Musik interpretiert. Ihre musikalische Vielseitigkeit und ihre F\u00e4higkeit, mit dem Publikum zu kommunizieren, pr\u00e4gen ihr k\u00fcnstlerisches Profil. Indira spielt auch eine zentrale Rolle als Kulturagentin, indem sie R\u00e4ume f\u00fcr den kommunikativen Dialog durch Kunst \u00f6ffnet und die kulturelle Identit\u00e4t st\u00e4rkt. In ihrem Projekt \u201cPregoneros\u201d konzentriert sie sich auf die soziale Integration von Kindern in vulnerablen Situationen durch Musik, wobei sie ihre Kunst als Werkzeug zur Transformation und Verbesserung der Lebensqualit\u00e4t nutzt. Ausbildung Seit August 2024 &#8211; Voraussichtlich Juli 2027 &nbsp; Master-Studium Elementare Musikp\u00e4dagogik: Major Minor: Kinderchorleitung Z\u00fcrcher Hochschule der K\u00fcnste (ZHdK), Z\u00fcrich &#8211; Schweiz &nbsp; Seit August 2022- Voraussichtlich Juli 2026 &nbsp; Bachelor in Instrumental und Gesangsp\u00e4dagogik \u2013 Violine (IGP) Schwerpunkt: Elementare Musikp\u00e4dagogik, Stella Vorarlberg Privathochschule f\u00fcr Musik, Feldkirch &#8211; \u00d6sterreich &nbsp; 01. 2021 \u2013 12. 2022 Master in Management und Produktion im kulturellen und audiovisuellen Bereich Jorge Tadeo Lozano Universit\u00e4t, Bogot\u00e1 &#8211; Kolumbien &nbsp; 01. 2016 \u2013 12. 2020 Bachelor in Musikp\u00e4dagogik Schwerpunkt: Elementare Musikp\u00e4dagogik, Nationale Universit\u00e4t von Kolumbien, Bogot\u00e1 &#8211; Kolumbien &nbsp; 01. 2015- 12. 2019 Bachelor in musikalischer Performance Hauptfach klassische Violine, Nationale Universit\u00e4t von Kolumbien, Bogot\u00e1 &#8211; Kolumbien &nbsp;Ausbildung Violine &nbsp;Seit 2022 Editha Fetz und Regine Florey, Stella Vorarlberg Private Hochschule f\u00fcr Musik, \u00d6sterreich &nbsp; &nbsp;2015 &#8211; 2019 Camilo Guevara und Antonia Kapitanova, Nationale Universit\u00e4t von Kolumbien, Kolumbien &nbsp; &nbsp;2014 &#8211; 2015 Amparo Botero, Musikprogramm der Javeriana Universit\u00e4t, Kolumbien &nbsp; &nbsp;2008 \u2013 2014 Johanna Vela Orostegui, Musikstiftung Batuta Kolumbien Kurse \/ Weiterbildungen &nbsp; 2024 Mitglied des Ausbildungsprogramms \u201eCreative enterprises that impact communities\u201c The Global Leaders Programm, Online &nbsp; &nbsp; 2024 Workshops: Taking Orff &#8211; Mit H\u00e4nden und F\u00fc\u00dfen; Pleasure, Play &amp; Fun &#8211; The Imaginative Spirit in Dance Christa Coogan Rhythmik bewegt alle Generationen Monika Mayr, \u00d6sterreich &nbsp; &nbsp;2021 Kurs in Musik und sozialer Transformation Javeriana Universit\u00e4t und Jugendphilharmonieorchester von Kolumbien, Bogot\u00e1 &#8211; Kolumbien \u00a0 &nbsp;2021 Kurs in musikalischer Fr\u00fcherziehung Internationales Suzuki Festival, Javeriana Universit\u00e4t, Bogot\u00e1 &#8211; Kolumbien \u00a0 &nbsp;2020 &#8211; 2021 Kurse in musikalischer Blindenschrift (Level 1, 2 und 3) Blue Illusion Artistic Corporation, Bogot\u00e1 &#8211; Kolumbien \u00a0 &nbsp;2020 Grundkurs Gesangstechnik Lerndienst SENA, \u00a0 Bogot\u00e1 &#8211; Kolumbien \u00a0 &nbsp;2017 Universit\u00e4tsfestival f\u00fcr Folkloret\u00e4nze Kolumbianische Universit\u00e4tsverband, Bogot\u00e1 &#8211; Kolumbien \u00a0 &nbsp;2011 Orchester-Treffen und 8. Kammermusiktreffen Universit\u00e4t Javeriana, Bogot\u00e1 &#8211; Kolumbien \u00a0 &nbsp;2009 Kurs in Modernem Tanz Efapa K\u00fcnstler-Ausbildungsschule, Bogot\u00e1 &#8211; Kolumbien \u00a0 Berufserfahrung &nbsp;09. 2024 \u2013 &nbsp;01. 2025 EMP Lehrerin Musikschule Rankweil (Vikariat), \u00a0 Rankweil &#8211; \u00d6sterreich \u00a0 &nbsp;Seit 2022 Zuz\u00fcgerin und Stimmf\u00fchrerin in diversen Orchestern, Schweiz und \u00d6sterreich &nbsp; &nbsp;Seit 2021 Projektmanagerin P\u00e4dagogisches Projekt \u201cPregoneros\u201d In Zusammenarbeit mit Kindern und Jugendlichen in Armut, um \u00fcber Spiel&nbsp;und Musik die Inklusion in der Gesellschaft zu f\u00f6rdern. https:\/\/pregonerosmcj.wixsite.com\/my-site, Online &#8211; Kolumbien &nbsp; &nbsp;2020 &#8211; 2021 Lehrerin f\u00fcr Geige und Elementare Musikp\u00e4dagogik Nationalstiftung \u201cBatuta\u201d, \u00a0 Bogot\u00e1 &#8211; Kolumbien \u00a0 &nbsp;2017 &#8211; 2021 Violinistin Jugendphilharmonieorchester von Bogot\u00e1, Nationales Jugendphilharmonieorchester von Kolumbien und andere, Bogot\u00e1 &#8211; Kolumbien \u00a0 &nbsp;2016 &#8211; 2020 Violinistin Tangoquintetts \u201eAnonymous\u201c &#8211; Salsa-Orchester \u201eCharanga la Nueva\u201c, Bogot\u00e1 &#8211; Kolumbien Preise und Auszeichnungen &nbsp;2015 Selektion zur Mitwirkung Orchestertournee La Via Dei Concerti, Trento &#8211; Italien \u00a0 &nbsp;2015 Gewinnerin des Wettbewerbs: Junge Solistin der Sinfonieorchester \u00a0Batuta, Bogot\u00e1 &#8211; Kolumbien \u00a0 &nbsp;2013 &#8211; 2015 Selektion zur Mitwirkung &#8211; Philharmonischen Orchester von Bogot\u00e1 \u00a0und Nationalen Sinfonieorchester von Kolumbien, Bogot\u00e1 &#8211; Kolumbien \u00a0 &nbsp;2014 Gewinnerin des Wettbewerbs \u201eJunge Solisten der Javeriana Universit\u00e4t, Bogot\u00e1 &#8211; Kolumbien \u00a0 \u00a0 &nbsp;2014 Selektion zur Mitwirkung im Sinfonieorchester f\u00fcr den 69. \u00a0Geburtstag der UNO, New York City &#8211; USA \u00a0 &nbsp;2014 Gewinnerin des Wettbewerbs: Junge herausragende Solistinnen der Universidad Javeriana, Bogot\u00e1 &#8211; Kolumbien \u00a0 &nbsp;2008 Gewinnerin des Wettbewerbs: Erstes Musikfestival des Stadtteils Puente Aranda Kategorie Unver\u00f6ffentlichtes Lied, Bogot\u00e1 &#8211; Kolumbien<\/p>\n","protected":false},"author":1,"featured_media":134,"parent":0,"menu_order":0,"comment_status":"closed","ping_status":"closed","template":"","meta":{"footnotes":""},"class_list":["post-17","page","type-page","status-publish","has-post-thumbnail","hentry"],"jetpack_sharing_enabled":true,"_links":{"self":[{"href":"https:\/\/indiramorenogomez.com\/index.php\/wp-json\/wp\/v2\/pages\/17","targetHints":{"allow":["GET"]}}],"collection":[{"href":"https:\/\/indiramorenogomez.com\/index.php\/wp-json\/wp\/v2\/pages"}],"about":[{"href":"https:\/\/indiramorenogomez.com\/index.php\/wp-json\/wp\/v2\/types\/page"}],"author":[{"embeddable":true,"href":"https:\/\/indiramorenogomez.com\/index.php\/wp-json\/wp\/v2\/users\/1"}],"replies":[{"embeddable":true,"href":"https:\/\/indiramorenogomez.com\/index.php\/wp-json\/wp\/v2\/comments?post=17"}],"version-history":[{"count":43,"href":"https:\/\/indiramorenogomez.com\/index.php\/wp-json\/wp\/v2\/pages\/17\/revisions"}],"predecessor-version":[{"id":363,"href":"https:\/\/indiramorenogomez.com\/index.php\/wp-json\/wp\/v2\/pages\/17\/revisions\/363"}],"wp:featuredmedia":[{"embeddable":true,"href":"https:\/\/indiramorenogomez.com\/index.php\/wp-json\/wp\/v2\/media\/134"}],"wp:attachment":[{"href":"https:\/\/indiramorenogomez.com\/index.php\/wp-json\/wp\/v2\/media?parent=17"}],"curies":[{"name":"wp","href":"https:\/\/api.w.org\/{rel}","templated":true}]}}