{"id":27,"date":"2024-07-29T11:58:26","date_gmt":"2024-07-29T11:58:26","guid":{"rendered":"https:\/\/indiramorenogomez.com\/?page_id=27"},"modified":"2024-12-27T19:05:15","modified_gmt":"2024-12-27T19:05:15","slug":"events-performance","status":"publish","type":"page","link":"https:\/\/indiramorenogomez.com\/index.php\/events-performance\/","title":{"rendered":"Events &amp; Performance"},"content":{"rendered":"\n<p class=\"has-text-align-center\"><br>Ich bringe langj\u00e4hrige Erfahrung auf dem Gebiet der Musik mit, insbesondere in der Interpretation der Violine. Diese F\u00e4higkeit hat es mir erm\u00f6glicht, als Orchestermusikerin in verschiedenen repr\u00e4sentativen Gruppen aus Kolumbien, Kammermusikgruppen, Musikfestivals und Ensembles aufzutreten, welche traditionelle lateinamerikanische und klassische Musik interpretieren. Meine Rolle als Performerin zeichnet sich durch Vielseitigkeit und Musikalit\u00e4t aus.<\/p>\n\n\n\n<p class=\"has-text-align-center\">Ihren Event bereichere ich mit Violinmusik, entweder als Solistin oder auch in kleineren Musikformationen. Ich bringe eine Vielfalt von verschiedenen Stilen mit: Klassik, Pop, Tango, Balladen, Volkslieder, Salsa und viele weitere. Gerne komme ich Ihren W\u00fcnschen entgegen und studiere f\u00fcr Ihren Event auch gerne neue, spezifisch von Ihnen gew\u00fcnschte, Lieder ein.<\/p>\n\n\n\n<p class=\"has-text-align-center\">Engagieren k\u00f6nnen Sie mich beispielsweise f\u00fcr: <\/p>\n\n\n\n<ul class=\"wp-block-list\">\n<li>Hochzeiten<\/li>\n\n\n\n<li>Geburtstage<\/li>\n\n\n\n<li>Gesch\u00e4ftsanl\u00e4sse<\/li>\n\n\n\n<li>Gedenksfeiern<\/li>\n\n\n\n<li>Banketts<\/li>\n\n\n\n<li>Privatkonzerte<\/li>\n\n\n\n<li>Konzerte in Institutionen wie Altersheime oder Zentren f\u00fcr Menschen mit besonderen Bed\u00fcrfnissen<\/li>\n\n\n\n<li>Weitere gesellschaftliche Anl\u00e4sse aller Art<\/li>\n<\/ul>\n\n\n\n<p class=\"has-text-align-center\">Als Orchestermusikerin spiele ich regelm\u00e4ssig als Zuz\u00fcgerin in vielen verschiedenen Laien- und professionellen Orchestern.<\/p>\n\n\n\n<p class=\"has-text-align-center\">F\u00fcr Anfragen benutzen Sie bitte das <a href=\"https:\/\/indiramorenogomez.com\/index.php\/kontakt\/\">Kontaktformular<\/a> oder schreiben Sie mich direkt per <a href=\"mailto:info@indiramorenogomez.com\">Email<\/a> an.<\/p>\n\n\n\n<div class=\"wp-block-jetpack-slideshow aligncenter\" data-effect=\"slide\"><div class=\"wp-block-jetpack-slideshow_container swiper-container\"><ul class=\"wp-block-jetpack-slideshow_swiper-wrapper swiper-wrapper\"><li class=\"wp-block-jetpack-slideshow_slide swiper-slide\"><figure><img data-recalc-dims=\"1\" loading=\"lazy\" decoding=\"async\" width=\"768\" height=\"1024\" alt=\"\" class=\"wp-block-jetpack-slideshow_image wp-image-165\" data-id=\"165\" src=\"https:\/\/i0.wp.com\/indiramorenogomez.com\/wp-content\/uploads\/2024\/11\/IMG-20220522-WA0027.jpg?resize=768%2C1024&#038;ssl=1\" srcset=\"https:\/\/i0.wp.com\/indiramorenogomez.com\/wp-content\/uploads\/2024\/11\/IMG-20220522-WA0027.jpg?resize=768%2C1024&amp;ssl=1 768w, https:\/\/i0.wp.com\/indiramorenogomez.com\/wp-content\/uploads\/2024\/11\/IMG-20220522-WA0027.jpg?resize=225%2C300&amp;ssl=1 225w, https:\/\/i0.wp.com\/indiramorenogomez.com\/wp-content\/uploads\/2024\/11\/IMG-20220522-WA0027.jpg?resize=1152%2C1536&amp;ssl=1 1152w, https:\/\/i0.wp.com\/indiramorenogomez.com\/wp-content\/uploads\/2024\/11\/IMG-20220522-WA0027.jpg?resize=1140%2C1520&amp;ssl=1 1140w, https:\/\/i0.wp.com\/indiramorenogomez.com\/wp-content\/uploads\/2024\/11\/IMG-20220522-WA0027.jpg?w=1536&amp;ssl=1 1536w\" sizes=\"(max-width: 768px) 100vw, 768px\" \/><\/figure><\/li><li class=\"wp-block-jetpack-slideshow_slide swiper-slide\"><figure><img data-recalc-dims=\"1\" loading=\"lazy\" decoding=\"async\" width=\"960\" height=\"432\" alt=\"\" class=\"wp-block-jetpack-slideshow_image wp-image-166\" data-id=\"166\" src=\"https:\/\/i0.wp.com\/indiramorenogomez.com\/wp-content\/uploads\/2024\/11\/IMG-20230520-WA0015.jpg?resize=960%2C432&#038;ssl=1\" srcset=\"https:\/\/i0.wp.com\/indiramorenogomez.com\/wp-content\/uploads\/2024\/11\/IMG-20230520-WA0015.jpg?resize=1024%2C461&amp;ssl=1 1024w, https:\/\/i0.wp.com\/indiramorenogomez.com\/wp-content\/uploads\/2024\/11\/IMG-20230520-WA0015.jpg?resize=300%2C135&amp;ssl=1 300w, https:\/\/i0.wp.com\/indiramorenogomez.com\/wp-content\/uploads\/2024\/11\/IMG-20230520-WA0015.jpg?resize=768%2C346&amp;ssl=1 768w, https:\/\/i0.wp.com\/indiramorenogomez.com\/wp-content\/uploads\/2024\/11\/IMG-20230520-WA0015.jpg?resize=1536%2C692&amp;ssl=1 1536w, https:\/\/i0.wp.com\/indiramorenogomez.com\/wp-content\/uploads\/2024\/11\/IMG-20230520-WA0015.jpg?resize=1140%2C514&amp;ssl=1 1140w, https:\/\/i0.wp.com\/indiramorenogomez.com\/wp-content\/uploads\/2024\/11\/IMG-20230520-WA0015.jpg?w=1600&amp;ssl=1 1600w\" sizes=\"(max-width: 960px) 100vw, 960px\" \/><\/figure><\/li><li class=\"wp-block-jetpack-slideshow_slide swiper-slide\"><figure><img data-recalc-dims=\"1\" loading=\"lazy\" decoding=\"async\" width=\"960\" height=\"540\" alt=\"\" class=\"wp-block-jetpack-slideshow_image wp-image-167\" data-id=\"167\" src=\"https:\/\/i0.wp.com\/indiramorenogomez.com\/wp-content\/uploads\/2024\/11\/IMG-20230518-WA0018.jpg?resize=960%2C540&#038;ssl=1\" srcset=\"https:\/\/i0.wp.com\/indiramorenogomez.com\/wp-content\/uploads\/2024\/11\/IMG-20230518-WA0018.jpg?resize=1024%2C576&amp;ssl=1 1024w, https:\/\/i0.wp.com\/indiramorenogomez.com\/wp-content\/uploads\/2024\/11\/IMG-20230518-WA0018.jpg?resize=300%2C169&amp;ssl=1 300w, https:\/\/i0.wp.com\/indiramorenogomez.com\/wp-content\/uploads\/2024\/11\/IMG-20230518-WA0018.jpg?resize=768%2C432&amp;ssl=1 768w, https:\/\/i0.wp.com\/indiramorenogomez.com\/wp-content\/uploads\/2024\/11\/IMG-20230518-WA0018.jpg?resize=1536%2C864&amp;ssl=1 1536w, https:\/\/i0.wp.com\/indiramorenogomez.com\/wp-content\/uploads\/2024\/11\/IMG-20230518-WA0018.jpg?resize=1140%2C641&amp;ssl=1 1140w, https:\/\/i0.wp.com\/indiramorenogomez.com\/wp-content\/uploads\/2024\/11\/IMG-20230518-WA0018.jpg?w=1920&amp;ssl=1 1920w\" sizes=\"(max-width: 960px) 100vw, 960px\" \/><\/figure><\/li><li class=\"wp-block-jetpack-slideshow_slide swiper-slide\"><figure><img data-recalc-dims=\"1\" loading=\"lazy\" decoding=\"async\" width=\"683\" height=\"1024\" alt=\"\" class=\"wp-block-jetpack-slideshow_image wp-image-170\" data-id=\"170\" src=\"https:\/\/i0.wp.com\/indiramorenogomez.com\/wp-content\/uploads\/2024\/11\/WhatsApp-Image-2024-11-11-at-6.57.38-PM.jpeg?resize=683%2C1024&#038;ssl=1\" srcset=\"https:\/\/i0.wp.com\/indiramorenogomez.com\/wp-content\/uploads\/2024\/11\/WhatsApp-Image-2024-11-11-at-6.57.38-PM.jpeg?resize=683%2C1024&amp;ssl=1 683w, https:\/\/i0.wp.com\/indiramorenogomez.com\/wp-content\/uploads\/2024\/11\/WhatsApp-Image-2024-11-11-at-6.57.38-PM.jpeg?resize=200%2C300&amp;ssl=1 200w, https:\/\/i0.wp.com\/indiramorenogomez.com\/wp-content\/uploads\/2024\/11\/WhatsApp-Image-2024-11-11-at-6.57.38-PM.jpeg?resize=768%2C1152&amp;ssl=1 768w, https:\/\/i0.wp.com\/indiramorenogomez.com\/wp-content\/uploads\/2024\/11\/WhatsApp-Image-2024-11-11-at-6.57.38-PM.jpeg?w=899&amp;ssl=1 899w\" sizes=\"(max-width: 683px) 100vw, 683px\" \/><\/figure><\/li><li class=\"wp-block-jetpack-slideshow_slide swiper-slide\"><figure><img data-recalc-dims=\"1\" loading=\"lazy\" decoding=\"async\" width=\"768\" height=\"1024\" alt=\"\" class=\"wp-block-jetpack-slideshow_image wp-image-172\" data-id=\"172\" src=\"https:\/\/i0.wp.com\/indiramorenogomez.com\/wp-content\/uploads\/2024\/11\/WhatsApp-Image-2024-11-11-at-6.57.39-PM-2.jpeg?resize=768%2C1024&#038;ssl=1\" srcset=\"https:\/\/i0.wp.com\/indiramorenogomez.com\/wp-content\/uploads\/2024\/11\/WhatsApp-Image-2024-11-11-at-6.57.39-PM-2.jpeg?resize=768%2C1024&amp;ssl=1 768w, https:\/\/i0.wp.com\/indiramorenogomez.com\/wp-content\/uploads\/2024\/11\/WhatsApp-Image-2024-11-11-at-6.57.39-PM-2.jpeg?resize=225%2C300&amp;ssl=1 225w, https:\/\/i0.wp.com\/indiramorenogomez.com\/wp-content\/uploads\/2024\/11\/WhatsApp-Image-2024-11-11-at-6.57.39-PM-2.jpeg?resize=1152%2C1536&amp;ssl=1 1152w, https:\/\/i0.wp.com\/indiramorenogomez.com\/wp-content\/uploads\/2024\/11\/WhatsApp-Image-2024-11-11-at-6.57.39-PM-2.jpeg?resize=1140%2C1520&amp;ssl=1 1140w, https:\/\/i0.wp.com\/indiramorenogomez.com\/wp-content\/uploads\/2024\/11\/WhatsApp-Image-2024-11-11-at-6.57.39-PM-2.jpeg?w=1500&amp;ssl=1 1500w\" sizes=\"(max-width: 768px) 100vw, 768px\" \/><\/figure><\/li><li class=\"wp-block-jetpack-slideshow_slide swiper-slide\"><figure><img data-recalc-dims=\"1\" loading=\"lazy\" decoding=\"async\" width=\"576\" height=\"1024\" alt=\"\" class=\"wp-block-jetpack-slideshow_image wp-image-174\" data-id=\"174\" src=\"https:\/\/i0.wp.com\/indiramorenogomez.com\/wp-content\/uploads\/2024\/11\/WhatsApp-Image-2024-11-11-at-6.57.39-PM-4.jpeg?resize=576%2C1024&#038;ssl=1\" srcset=\"https:\/\/i0.wp.com\/indiramorenogomez.com\/wp-content\/uploads\/2024\/11\/WhatsApp-Image-2024-11-11-at-6.57.39-PM-4.jpeg?resize=576%2C1024&amp;ssl=1 576w, https:\/\/i0.wp.com\/indiramorenogomez.com\/wp-content\/uploads\/2024\/11\/WhatsApp-Image-2024-11-11-at-6.57.39-PM-4.jpeg?resize=169%2C300&amp;ssl=1 169w, https:\/\/i0.wp.com\/indiramorenogomez.com\/wp-content\/uploads\/2024\/11\/WhatsApp-Image-2024-11-11-at-6.57.39-PM-4.jpeg?w=720&amp;ssl=1 720w\" sizes=\"(max-width: 576px) 100vw, 576px\" \/><\/figure><\/li><li class=\"wp-block-jetpack-slideshow_slide swiper-slide\"><figure><img data-recalc-dims=\"1\" loading=\"lazy\" decoding=\"async\" width=\"720\" height=\"900\" alt=\"\" class=\"wp-block-jetpack-slideshow_image wp-image-175\" data-id=\"175\" src=\"https:\/\/i0.wp.com\/indiramorenogomez.com\/wp-content\/uploads\/2024\/11\/WhatsApp-Image-2024-11-11-at-6.57.39-PM-5.jpeg?resize=720%2C900&#038;ssl=1\" srcset=\"https:\/\/i0.wp.com\/indiramorenogomez.com\/wp-content\/uploads\/2024\/11\/WhatsApp-Image-2024-11-11-at-6.57.39-PM-5.jpeg?w=720&amp;ssl=1 720w, https:\/\/i0.wp.com\/indiramorenogomez.com\/wp-content\/uploads\/2024\/11\/WhatsApp-Image-2024-11-11-at-6.57.39-PM-5.jpeg?resize=240%2C300&amp;ssl=1 240w\" sizes=\"(max-width: 720px) 100vw, 720px\" \/><\/figure><\/li><li class=\"wp-block-jetpack-slideshow_slide swiper-slide\"><figure><img data-recalc-dims=\"1\" loading=\"lazy\" decoding=\"async\" width=\"819\" height=\"1024\" alt=\"\" class=\"wp-block-jetpack-slideshow_image wp-image-176\" data-id=\"176\" src=\"https:\/\/i0.wp.com\/indiramorenogomez.com\/wp-content\/uploads\/2024\/11\/WhatsApp-Image-2024-11-11-at-6.57.39-PM-6.jpeg?resize=819%2C1024&#038;ssl=1\" srcset=\"https:\/\/i0.wp.com\/indiramorenogomez.com\/wp-content\/uploads\/2024\/11\/WhatsApp-Image-2024-11-11-at-6.57.39-PM-6.jpeg?resize=819%2C1024&amp;ssl=1 819w, https:\/\/i0.wp.com\/indiramorenogomez.com\/wp-content\/uploads\/2024\/11\/WhatsApp-Image-2024-11-11-at-6.57.39-PM-6.jpeg?resize=240%2C300&amp;ssl=1 240w, https:\/\/i0.wp.com\/indiramorenogomez.com\/wp-content\/uploads\/2024\/11\/WhatsApp-Image-2024-11-11-at-6.57.39-PM-6.jpeg?resize=768%2C960&amp;ssl=1 768w, https:\/\/i0.wp.com\/indiramorenogomez.com\/wp-content\/uploads\/2024\/11\/WhatsApp-Image-2024-11-11-at-6.57.39-PM-6.jpeg?w=1013&amp;ssl=1 1013w\" sizes=\"(max-width: 819px) 100vw, 819px\" \/><\/figure><\/li><li class=\"wp-block-jetpack-slideshow_slide swiper-slide\"><figure><img data-recalc-dims=\"1\" loading=\"lazy\" decoding=\"async\" width=\"520\" height=\"650\" alt=\"\" class=\"wp-block-jetpack-slideshow_image wp-image-177\" data-id=\"177\" src=\"https:\/\/i0.wp.com\/indiramorenogomez.com\/wp-content\/uploads\/2024\/11\/WhatsApp-Image-2024-11-11-at-6.57.39-PM-7.jpeg?resize=520%2C650&#038;ssl=1\" srcset=\"https:\/\/i0.wp.com\/indiramorenogomez.com\/wp-content\/uploads\/2024\/11\/WhatsApp-Image-2024-11-11-at-6.57.39-PM-7.jpeg?w=520&amp;ssl=1 520w, https:\/\/i0.wp.com\/indiramorenogomez.com\/wp-content\/uploads\/2024\/11\/WhatsApp-Image-2024-11-11-at-6.57.39-PM-7.jpeg?resize=240%2C300&amp;ssl=1 240w\" sizes=\"(max-width: 520px) 100vw, 520px\" \/><\/figure><\/li><li class=\"wp-block-jetpack-slideshow_slide swiper-slide\"><figure><img data-recalc-dims=\"1\" loading=\"lazy\" decoding=\"async\" width=\"768\" height=\"1024\" alt=\"\" class=\"wp-block-jetpack-slideshow_image wp-image-178\" data-id=\"178\" src=\"https:\/\/i0.wp.com\/indiramorenogomez.com\/wp-content\/uploads\/2024\/11\/WhatsApp-Image-2024-11-11-at-6.57.39-PM-8.jpeg?resize=768%2C1024&#038;ssl=1\" srcset=\"https:\/\/i0.wp.com\/indiramorenogomez.com\/wp-content\/uploads\/2024\/11\/WhatsApp-Image-2024-11-11-at-6.57.39-PM-8.jpeg?resize=768%2C1024&amp;ssl=1 768w, https:\/\/i0.wp.com\/indiramorenogomez.com\/wp-content\/uploads\/2024\/11\/WhatsApp-Image-2024-11-11-at-6.57.39-PM-8.jpeg?resize=225%2C300&amp;ssl=1 225w, https:\/\/i0.wp.com\/indiramorenogomez.com\/wp-content\/uploads\/2024\/11\/WhatsApp-Image-2024-11-11-at-6.57.39-PM-8.jpeg?w=843&amp;ssl=1 843w\" sizes=\"(max-width: 768px) 100vw, 768px\" \/><\/figure><\/li><li class=\"wp-block-jetpack-slideshow_slide swiper-slide\"><figure><img data-recalc-dims=\"1\" loading=\"lazy\" decoding=\"async\" width=\"895\" height=\"895\" alt=\"\" class=\"wp-block-jetpack-slideshow_image wp-image-197\" data-id=\"197\" src=\"https:\/\/i0.wp.com\/indiramorenogomez.com\/wp-content\/uploads\/2024\/11\/WhatsApp-Image-2024-11-11-at-7.30.41-PM.jpeg?resize=895%2C895&#038;ssl=1\" srcset=\"https:\/\/i0.wp.com\/indiramorenogomez.com\/wp-content\/uploads\/2024\/11\/WhatsApp-Image-2024-11-11-at-7.30.41-PM.jpeg?w=895&amp;ssl=1 895w, https:\/\/i0.wp.com\/indiramorenogomez.com\/wp-content\/uploads\/2024\/11\/WhatsApp-Image-2024-11-11-at-7.30.41-PM.jpeg?resize=300%2C300&amp;ssl=1 300w, https:\/\/i0.wp.com\/indiramorenogomez.com\/wp-content\/uploads\/2024\/11\/WhatsApp-Image-2024-11-11-at-7.30.41-PM.jpeg?resize=150%2C150&amp;ssl=1 150w, https:\/\/i0.wp.com\/indiramorenogomez.com\/wp-content\/uploads\/2024\/11\/WhatsApp-Image-2024-11-11-at-7.30.41-PM.jpeg?resize=768%2C768&amp;ssl=1 768w, https:\/\/i0.wp.com\/indiramorenogomez.com\/wp-content\/uploads\/2024\/11\/WhatsApp-Image-2024-11-11-at-7.30.41-PM.jpeg?resize=75%2C75&amp;ssl=1 75w\" sizes=\"(max-width: 895px) 100vw, 895px\" \/><\/figure><\/li><li class=\"wp-block-jetpack-slideshow_slide swiper-slide\"><figure><img data-recalc-dims=\"1\" loading=\"lazy\" decoding=\"async\" width=\"437\" height=\"437\" alt=\"\" class=\"wp-block-jetpack-slideshow_image wp-image-196\" data-id=\"196\" src=\"https:\/\/i0.wp.com\/indiramorenogomez.com\/wp-content\/uploads\/2024\/11\/WhatsApp-Image-2024-11-11-at-7.30.41-PM-4.jpeg?resize=437%2C437&#038;ssl=1\" srcset=\"https:\/\/i0.wp.com\/indiramorenogomez.com\/wp-content\/uploads\/2024\/11\/WhatsApp-Image-2024-11-11-at-7.30.41-PM-4.jpeg?w=437&amp;ssl=1 437w, https:\/\/i0.wp.com\/indiramorenogomez.com\/wp-content\/uploads\/2024\/11\/WhatsApp-Image-2024-11-11-at-7.30.41-PM-4.jpeg?resize=300%2C300&amp;ssl=1 300w, https:\/\/i0.wp.com\/indiramorenogomez.com\/wp-content\/uploads\/2024\/11\/WhatsApp-Image-2024-11-11-at-7.30.41-PM-4.jpeg?resize=150%2C150&amp;ssl=1 150w, https:\/\/i0.wp.com\/indiramorenogomez.com\/wp-content\/uploads\/2024\/11\/WhatsApp-Image-2024-11-11-at-7.30.41-PM-4.jpeg?resize=75%2C75&amp;ssl=1 75w\" sizes=\"(max-width: 437px) 100vw, 437px\" \/><\/figure><\/li><\/ul><a class=\"wp-block-jetpack-slideshow_button-prev swiper-button-prev swiper-button-white\" role=\"button\"><\/a><a class=\"wp-block-jetpack-slideshow_button-next swiper-button-next swiper-button-white\" role=\"button\"><\/a><a aria-label=\"Pause Slideshow\" class=\"wp-block-jetpack-slideshow_button-pause\" role=\"button\"><\/a><div class=\"wp-block-jetpack-slideshow_pagination swiper-pagination swiper-pagination-white\"><\/div><\/div><\/div>\n\n\n\n<figure class=\"wp-block-video wp-block-embed is-type-video is-provider-videopress\"><div class=\"wp-block-embed__wrapper\">\n<iframe title=\"VideoPress Video Player\" aria-label='VideoPress Video Player' width='562' height='1000' src='https:\/\/videopress.com\/embed\/uqfNF73Z?cover=1&amp;posterUrl=https%3A%2F%2Findiramorenogomez.com%2Fwp-content%2Fuploads%2F2024%2F11%2Fsnapinsta.app_video_d5469db880ff70dcf1582c7b37e1b48b_video_dashinit_mp4_avc_240p.original.jpg&amp;preloadContent=metadata&amp;useAverageColor=1&amp;hd=0' frameborder='0' allowfullscreen data-resize-to-parent=\"true\" allow='clipboard-write'><\/iframe><script src='https:\/\/v0.wordpress.com\/js\/next\/videopress-iframe.js?m=1725245713'><\/script>\n<\/div><\/figure>\n\n\n\n<p><\/p>\n","protected":false},"excerpt":{"rendered":"<p>Ich bringe langj\u00e4hrige Erfahrung auf dem Gebiet der Musik mit, insbesondere in der Interpretation der Violine. Diese F\u00e4higkeit hat es mir erm\u00f6glicht, als Orchestermusikerin in verschiedenen repr\u00e4sentativen Gruppen aus Kolumbien, Kammermusikgruppen, Musikfestivals und Ensembles aufzutreten, welche traditionelle lateinamerikanische und klassische Musik interpretieren. Meine Rolle als Performerin zeichnet sich durch Vielseitigkeit und Musikalit\u00e4t aus. Ihren Event bereichere ich mit Violinmusik, entweder als Solistin oder auch in kleineren Musikformationen. Ich bringe eine Vielfalt von verschiedenen Stilen mit: Klassik, Pop, Tango, Balladen, Volkslieder, Salsa und viele weitere. Gerne komme ich Ihren W\u00fcnschen entgegen und studiere f\u00fcr Ihren Event auch gerne neue, spezifisch von Ihnen gew\u00fcnschte, Lieder ein. Engagieren k\u00f6nnen Sie mich beispielsweise f\u00fcr: Als Orchestermusikerin spiele ich regelm\u00e4ssig als Zuz\u00fcgerin in vielen verschiedenen Laien- und professionellen Orchestern. F\u00fcr Anfragen benutzen Sie bitte das Kontaktformular oder schreiben Sie mich direkt per Email an.<\/p>\n","protected":false},"author":1,"featured_media":0,"parent":0,"menu_order":0,"comment_status":"closed","ping_status":"closed","template":"","meta":{"footnotes":""},"class_list":["post-27","page","type-page","status-publish","hentry"],"jetpack_sharing_enabled":true,"_links":{"self":[{"href":"https:\/\/indiramorenogomez.com\/index.php\/wp-json\/wp\/v2\/pages\/27","targetHints":{"allow":["GET"]}}],"collection":[{"href":"https:\/\/indiramorenogomez.com\/index.php\/wp-json\/wp\/v2\/pages"}],"about":[{"href":"https:\/\/indiramorenogomez.com\/index.php\/wp-json\/wp\/v2\/types\/page"}],"author":[{"embeddable":true,"href":"https:\/\/indiramorenogomez.com\/index.php\/wp-json\/wp\/v2\/users\/1"}],"replies":[{"embeddable":true,"href":"https:\/\/indiramorenogomez.com\/index.php\/wp-json\/wp\/v2\/comments?post=27"}],"version-history":[{"count":17,"href":"https:\/\/indiramorenogomez.com\/index.php\/wp-json\/wp\/v2\/pages\/27\/revisions"}],"predecessor-version":[{"id":365,"href":"https:\/\/indiramorenogomez.com\/index.php\/wp-json\/wp\/v2\/pages\/27\/revisions\/365"}],"wp:attachment":[{"href":"https:\/\/indiramorenogomez.com\/index.php\/wp-json\/wp\/v2\/media?parent=27"}],"curies":[{"name":"wp","href":"https:\/\/api.w.org\/{rel}","templated":true}]}}