{"id":30,"date":"2024-07-29T11:59:02","date_gmt":"2024-07-29T11:59:02","guid":{"rendered":"https:\/\/indiramorenogomez.com\/?page_id=30"},"modified":"2025-05-05T09:29:22","modified_gmt":"2025-05-05T09:29:22","slug":"violinunterricht","status":"publish","type":"page","link":"https:\/\/indiramorenogomez.com\/index.php\/violinunterricht\/","title":{"rendered":"Violinunterricht"},"content":{"rendered":"\n<p class=\"has-text-align-center\">Sie m\u00f6chten das Violinspiel erlernen und ihre Lieblingslieder auf der Violine spielen k\u00f6nnen? Ich unterrichte Kinder (schon ab drei Jahren) sowie Erwachsene und hoffe, in Ihnen oder Ihrem Kind die gleiche Begeisterung f\u00fcr die Musik wecken zu k\u00f6nnen, die ich selbst daf\u00fcr seit meiner fr\u00fchen Kindheit versp\u00fcre. <br>In meiner Rolle als P\u00e4dagogin habe ich mehrere Jahre Erfahrung. Ich habe w\u00e4hrend meiner musikalischen Laufbahn das mir angeeignete K\u00f6nnen stets weitergegeben und Menschen dabei geholfen, dieses wundersch\u00f6ne Instrument zu erlernen. Ich charakterisiere mich als proaktive Lehrerin, die durch spielerische und humorvolle Herangehensweise den Lernprozess optimal zu f\u00f6rdern versucht.<\/p>\n\n\n\n<figure class=\"wp-block-gallery has-nested-images columns-default is-cropped wp-block-gallery-1 is-layout-flex wp-block-gallery-is-layout-flex\">\n<figure class=\"wp-block-image size-large\"><img data-recalc-dims=\"1\" loading=\"lazy\" decoding=\"async\" width=\"819\" height=\"1024\" data-attachment-id=\"199\" data-permalink=\"https:\/\/indiramorenogomez.com\/index.php\/events-performance\/whatsapp-image-2024-11-11-at-7-30-42-pm\/\" data-orig-file=\"https:\/\/i0.wp.com\/indiramorenogomez.com\/wp-content\/uploads\/2024\/11\/WhatsApp-Image-2024-11-11-at-7.30.42-PM.jpeg?fit=1080%2C1350&amp;ssl=1\" data-orig-size=\"1080,1350\" data-comments-opened=\"1\" data-image-meta=\"{&quot;aperture&quot;:&quot;0&quot;,&quot;credit&quot;:&quot;&quot;,&quot;camera&quot;:&quot;&quot;,&quot;caption&quot;:&quot;&quot;,&quot;created_timestamp&quot;:&quot;0&quot;,&quot;copyright&quot;:&quot;&quot;,&quot;focal_length&quot;:&quot;0&quot;,&quot;iso&quot;:&quot;0&quot;,&quot;shutter_speed&quot;:&quot;0&quot;,&quot;title&quot;:&quot;&quot;,&quot;orientation&quot;:&quot;0&quot;}\" data-image-title=\"einzel Unterricht\" data-image-description=\"\" data-image-caption=\"\" data-large-file=\"https:\/\/i0.wp.com\/indiramorenogomez.com\/wp-content\/uploads\/2024\/11\/WhatsApp-Image-2024-11-11-at-7.30.42-PM.jpeg?fit=819%2C1024&amp;ssl=1\" data-id=\"199\" src=\"https:\/\/i0.wp.com\/indiramorenogomez.com\/wp-content\/uploads\/2024\/11\/WhatsApp-Image-2024-11-11-at-7.30.42-PM.jpeg?resize=819%2C1024&#038;ssl=1\" alt=\"\" class=\"wp-image-199\" srcset=\"https:\/\/i0.wp.com\/indiramorenogomez.com\/wp-content\/uploads\/2024\/11\/WhatsApp-Image-2024-11-11-at-7.30.42-PM.jpeg?resize=819%2C1024&amp;ssl=1 819w, https:\/\/i0.wp.com\/indiramorenogomez.com\/wp-content\/uploads\/2024\/11\/WhatsApp-Image-2024-11-11-at-7.30.42-PM.jpeg?resize=240%2C300&amp;ssl=1 240w, https:\/\/i0.wp.com\/indiramorenogomez.com\/wp-content\/uploads\/2024\/11\/WhatsApp-Image-2024-11-11-at-7.30.42-PM.jpeg?resize=768%2C960&amp;ssl=1 768w, https:\/\/i0.wp.com\/indiramorenogomez.com\/wp-content\/uploads\/2024\/11\/WhatsApp-Image-2024-11-11-at-7.30.42-PM.jpeg?w=1080&amp;ssl=1 1080w\" sizes=\"auto, (max-width: 819px) 100vw, 819px\" \/><\/figure>\n\n\n\n<figure class=\"wp-block-image size-large\"><img data-recalc-dims=\"1\" loading=\"lazy\" decoding=\"async\" width=\"480\" height=\"360\" data-attachment-id=\"194\" data-permalink=\"https:\/\/indiramorenogomez.com\/index.php\/events-performance\/whatsapp-image-2024-11-11-at-7-30-41-pm-2\/\" data-orig-file=\"https:\/\/i0.wp.com\/indiramorenogomez.com\/wp-content\/uploads\/2024\/11\/WhatsApp-Image-2024-11-11-at-7.30.41-PM-2.jpeg?fit=480%2C360&amp;ssl=1\" data-orig-size=\"480,360\" data-comments-opened=\"1\" data-image-meta=\"{&quot;aperture&quot;:&quot;0&quot;,&quot;credit&quot;:&quot;&quot;,&quot;camera&quot;:&quot;&quot;,&quot;caption&quot;:&quot;&quot;,&quot;created_timestamp&quot;:&quot;0&quot;,&quot;copyright&quot;:&quot;&quot;,&quot;focal_length&quot;:&quot;0&quot;,&quot;iso&quot;:&quot;0&quot;,&quot;shutter_speed&quot;:&quot;0&quot;,&quot;title&quot;:&quot;&quot;,&quot;orientation&quot;:&quot;0&quot;}\" data-image-title=\"Workshops in Valledupar, Kolumbien\" data-image-description=\"\" data-image-caption=\"\" data-large-file=\"https:\/\/i0.wp.com\/indiramorenogomez.com\/wp-content\/uploads\/2024\/11\/WhatsApp-Image-2024-11-11-at-7.30.41-PM-2.jpeg?fit=480%2C360&amp;ssl=1\" data-id=\"194\" src=\"https:\/\/i0.wp.com\/indiramorenogomez.com\/wp-content\/uploads\/2024\/11\/WhatsApp-Image-2024-11-11-at-7.30.41-PM-2.jpeg?resize=480%2C360&#038;ssl=1\" alt=\"\" class=\"wp-image-194\" srcset=\"https:\/\/i0.wp.com\/indiramorenogomez.com\/wp-content\/uploads\/2024\/11\/WhatsApp-Image-2024-11-11-at-7.30.41-PM-2.jpeg?w=480&amp;ssl=1 480w, https:\/\/i0.wp.com\/indiramorenogomez.com\/wp-content\/uploads\/2024\/11\/WhatsApp-Image-2024-11-11-at-7.30.41-PM-2.jpeg?resize=300%2C225&amp;ssl=1 300w\" sizes=\"auto, (max-width: 480px) 100vw, 480px\" \/><\/figure>\n\n\n\n<figure class=\"wp-block-image size-large\"><img data-recalc-dims=\"1\" loading=\"lazy\" decoding=\"async\" width=\"720\" height=\"798\" data-attachment-id=\"203\" data-permalink=\"https:\/\/indiramorenogomez.com\/index.php\/violinunterricht\/whatsapp-image-2024-11-11-at-6-57-39-pm-9\/\" data-orig-file=\"https:\/\/i0.wp.com\/indiramorenogomez.com\/wp-content\/uploads\/2024\/11\/WhatsApp-Image-2024-11-11-at-6.57.39-PM-9.jpeg?fit=720%2C798&amp;ssl=1\" data-orig-size=\"720,798\" data-comments-opened=\"1\" data-image-meta=\"{&quot;aperture&quot;:&quot;0&quot;,&quot;credit&quot;:&quot;&quot;,&quot;camera&quot;:&quot;&quot;,&quot;caption&quot;:&quot;&quot;,&quot;created_timestamp&quot;:&quot;0&quot;,&quot;copyright&quot;:&quot;&quot;,&quot;focal_length&quot;:&quot;0&quot;,&quot;iso&quot;:&quot;0&quot;,&quot;shutter_speed&quot;:&quot;0&quot;,&quot;title&quot;:&quot;&quot;,&quot;orientation&quot;:&quot;0&quot;}\" data-image-title=\"einzel Unterricht\" data-image-description=\"\" data-image-caption=\"\" data-large-file=\"https:\/\/i0.wp.com\/indiramorenogomez.com\/wp-content\/uploads\/2024\/11\/WhatsApp-Image-2024-11-11-at-6.57.39-PM-9.jpeg?fit=720%2C798&amp;ssl=1\" data-id=\"203\" src=\"https:\/\/i0.wp.com\/indiramorenogomez.com\/wp-content\/uploads\/2024\/11\/WhatsApp-Image-2024-11-11-at-6.57.39-PM-9.jpeg?resize=720%2C798&#038;ssl=1\" alt=\"\" class=\"wp-image-203\" srcset=\"https:\/\/i0.wp.com\/indiramorenogomez.com\/wp-content\/uploads\/2024\/11\/WhatsApp-Image-2024-11-11-at-6.57.39-PM-9.jpeg?w=720&amp;ssl=1 720w, https:\/\/i0.wp.com\/indiramorenogomez.com\/wp-content\/uploads\/2024\/11\/WhatsApp-Image-2024-11-11-at-6.57.39-PM-9.jpeg?resize=271%2C300&amp;ssl=1 271w\" sizes=\"auto, (max-width: 720px) 100vw, 720px\" \/><\/figure>\n\n\n\n<figure class=\"wp-block-image size-large\"><img data-recalc-dims=\"1\" loading=\"lazy\" decoding=\"async\" width=\"576\" height=\"1024\" data-attachment-id=\"204\" data-permalink=\"https:\/\/indiramorenogomez.com\/index.php\/violinunterricht\/img-20211114-wa0040\/\" data-orig-file=\"https:\/\/i0.wp.com\/indiramorenogomez.com\/wp-content\/uploads\/2024\/11\/IMG-20211114-WA0040.jpg?fit=900%2C1600&amp;ssl=1\" data-orig-size=\"900,1600\" data-comments-opened=\"1\" data-image-meta=\"{&quot;aperture&quot;:&quot;0&quot;,&quot;credit&quot;:&quot;&quot;,&quot;camera&quot;:&quot;&quot;,&quot;caption&quot;:&quot;&quot;,&quot;created_timestamp&quot;:&quot;0&quot;,&quot;copyright&quot;:&quot;&quot;,&quot;focal_length&quot;:&quot;0&quot;,&quot;iso&quot;:&quot;0&quot;,&quot;shutter_speed&quot;:&quot;0&quot;,&quot;title&quot;:&quot;&quot;,&quot;orientation&quot;:&quot;0&quot;}\" data-image-title=\"einzel Unterricht\" data-image-description=\"\" data-image-caption=\"\" data-large-file=\"https:\/\/i0.wp.com\/indiramorenogomez.com\/wp-content\/uploads\/2024\/11\/IMG-20211114-WA0040.jpg?fit=576%2C1024&amp;ssl=1\" data-id=\"204\" src=\"https:\/\/i0.wp.com\/indiramorenogomez.com\/wp-content\/uploads\/2024\/11\/IMG-20211114-WA0040.jpg?resize=576%2C1024&#038;ssl=1\" alt=\"\" class=\"wp-image-204\" srcset=\"https:\/\/i0.wp.com\/indiramorenogomez.com\/wp-content\/uploads\/2024\/11\/IMG-20211114-WA0040.jpg?resize=576%2C1024&amp;ssl=1 576w, https:\/\/i0.wp.com\/indiramorenogomez.com\/wp-content\/uploads\/2024\/11\/IMG-20211114-WA0040.jpg?resize=169%2C300&amp;ssl=1 169w, https:\/\/i0.wp.com\/indiramorenogomez.com\/wp-content\/uploads\/2024\/11\/IMG-20211114-WA0040.jpg?resize=768%2C1365&amp;ssl=1 768w, https:\/\/i0.wp.com\/indiramorenogomez.com\/wp-content\/uploads\/2024\/11\/IMG-20211114-WA0040.jpg?resize=864%2C1536&amp;ssl=1 864w, https:\/\/i0.wp.com\/indiramorenogomez.com\/wp-content\/uploads\/2024\/11\/IMG-20211114-WA0040.jpg?w=900&amp;ssl=1 900w\" sizes=\"auto, (max-width: 576px) 100vw, 576px\" \/><\/figure>\n\n\n\n<figure class=\"wp-block-image size-large\"><img data-recalc-dims=\"1\" loading=\"lazy\" decoding=\"async\" width=\"768\" height=\"1024\" data-attachment-id=\"437\" data-permalink=\"https:\/\/indiramorenogomez.com\/whatsapp-image-2025-05-05-at-10-56-04-am-2\/\" data-orig-file=\"https:\/\/i0.wp.com\/indiramorenogomez.com\/wp-content\/uploads\/2025\/05\/WhatsApp-Image-2025-05-05-at-10.56.04-AM-2.jpeg?fit=1200%2C1600&amp;ssl=1\" data-orig-size=\"1200,1600\" data-comments-opened=\"1\" data-image-meta=\"{&quot;aperture&quot;:&quot;0&quot;,&quot;credit&quot;:&quot;&quot;,&quot;camera&quot;:&quot;&quot;,&quot;caption&quot;:&quot;&quot;,&quot;created_timestamp&quot;:&quot;0&quot;,&quot;copyright&quot;:&quot;&quot;,&quot;focal_length&quot;:&quot;0&quot;,&quot;iso&quot;:&quot;0&quot;,&quot;shutter_speed&quot;:&quot;0&quot;,&quot;title&quot;:&quot;&quot;,&quot;orientation&quot;:&quot;0&quot;}\" data-image-title=\"Private Violin Unterricht f\u00fcr Senior\" data-image-description=\"\" data-image-caption=\"\" data-large-file=\"https:\/\/i0.wp.com\/indiramorenogomez.com\/wp-content\/uploads\/2025\/05\/WhatsApp-Image-2025-05-05-at-10.56.04-AM-2.jpeg?fit=768%2C1024&amp;ssl=1\" data-id=\"437\" src=\"https:\/\/i0.wp.com\/indiramorenogomez.com\/wp-content\/uploads\/2025\/05\/WhatsApp-Image-2025-05-05-at-10.56.04-AM-2.jpeg?resize=768%2C1024&#038;ssl=1\" alt=\"\" class=\"wp-image-437\" srcset=\"https:\/\/i0.wp.com\/indiramorenogomez.com\/wp-content\/uploads\/2025\/05\/WhatsApp-Image-2025-05-05-at-10.56.04-AM-2.jpeg?resize=768%2C1024&amp;ssl=1 768w, https:\/\/i0.wp.com\/indiramorenogomez.com\/wp-content\/uploads\/2025\/05\/WhatsApp-Image-2025-05-05-at-10.56.04-AM-2.jpeg?resize=225%2C300&amp;ssl=1 225w, https:\/\/i0.wp.com\/indiramorenogomez.com\/wp-content\/uploads\/2025\/05\/WhatsApp-Image-2025-05-05-at-10.56.04-AM-2.jpeg?resize=1152%2C1536&amp;ssl=1 1152w, https:\/\/i0.wp.com\/indiramorenogomez.com\/wp-content\/uploads\/2025\/05\/WhatsApp-Image-2025-05-05-at-10.56.04-AM-2.jpeg?resize=1140%2C1520&amp;ssl=1 1140w, https:\/\/i0.wp.com\/indiramorenogomez.com\/wp-content\/uploads\/2025\/05\/WhatsApp-Image-2025-05-05-at-10.56.04-AM-2.jpeg?w=1200&amp;ssl=1 1200w\" sizes=\"auto, (max-width: 768px) 100vw, 768px\" \/><\/figure>\n\n\n\n<figure class=\"wp-block-image size-large\"><img data-recalc-dims=\"1\" loading=\"lazy\" decoding=\"async\" width=\"768\" height=\"1024\" data-attachment-id=\"429\" data-permalink=\"https:\/\/indiramorenogomez.com\/whatsapp-image-2025-05-05-at-10-56-04-am-1\/\" data-orig-file=\"https:\/\/i0.wp.com\/indiramorenogomez.com\/wp-content\/uploads\/2025\/05\/WhatsApp-Image-2025-05-05-at-10.56.04-AM-1.jpeg?fit=1200%2C1600&amp;ssl=1\" data-orig-size=\"1200,1600\" data-comments-opened=\"1\" data-image-meta=\"{&quot;aperture&quot;:&quot;0&quot;,&quot;credit&quot;:&quot;&quot;,&quot;camera&quot;:&quot;&quot;,&quot;caption&quot;:&quot;&quot;,&quot;created_timestamp&quot;:&quot;0&quot;,&quot;copyright&quot;:&quot;&quot;,&quot;focal_length&quot;:&quot;0&quot;,&quot;iso&quot;:&quot;0&quot;,&quot;shutter_speed&quot;:&quot;0&quot;,&quot;title&quot;:&quot;&quot;,&quot;orientation&quot;:&quot;0&quot;}\" data-image-title=\"Private Violin Unterricht f\u00fcr Senior\" data-image-description=\"\" data-image-caption=\"\" data-large-file=\"https:\/\/i0.wp.com\/indiramorenogomez.com\/wp-content\/uploads\/2025\/05\/WhatsApp-Image-2025-05-05-at-10.56.04-AM-1.jpeg?fit=768%2C1024&amp;ssl=1\" data-id=\"429\" src=\"https:\/\/i0.wp.com\/indiramorenogomez.com\/wp-content\/uploads\/2025\/05\/WhatsApp-Image-2025-05-05-at-10.56.04-AM-1.jpeg?resize=768%2C1024&#038;ssl=1\" alt=\"\" class=\"wp-image-429\" srcset=\"https:\/\/i0.wp.com\/indiramorenogomez.com\/wp-content\/uploads\/2025\/05\/WhatsApp-Image-2025-05-05-at-10.56.04-AM-1.jpeg?resize=768%2C1024&amp;ssl=1 768w, https:\/\/i0.wp.com\/indiramorenogomez.com\/wp-content\/uploads\/2025\/05\/WhatsApp-Image-2025-05-05-at-10.56.04-AM-1.jpeg?resize=225%2C300&amp;ssl=1 225w, https:\/\/i0.wp.com\/indiramorenogomez.com\/wp-content\/uploads\/2025\/05\/WhatsApp-Image-2025-05-05-at-10.56.04-AM-1.jpeg?resize=1152%2C1536&amp;ssl=1 1152w, https:\/\/i0.wp.com\/indiramorenogomez.com\/wp-content\/uploads\/2025\/05\/WhatsApp-Image-2025-05-05-at-10.56.04-AM-1.jpeg?resize=1140%2C1520&amp;ssl=1 1140w, https:\/\/i0.wp.com\/indiramorenogomez.com\/wp-content\/uploads\/2025\/05\/WhatsApp-Image-2025-05-05-at-10.56.04-AM-1.jpeg?w=1200&amp;ssl=1 1200w\" sizes=\"auto, (max-width: 768px) 100vw, 768px\" \/><\/figure>\n\n\n\n<figure class=\"wp-block-image size-large\"><img data-recalc-dims=\"1\" loading=\"lazy\" decoding=\"async\" width=\"461\" height=\"1024\" data-attachment-id=\"427\" data-permalink=\"https:\/\/indiramorenogomez.com\/whatsapp-image-2025-05-05-at-9-30-04-am\/\" data-orig-file=\"https:\/\/i0.wp.com\/indiramorenogomez.com\/wp-content\/uploads\/2025\/05\/WhatsApp-Image-2025-05-05-at-9.30.04-AM.jpeg?fit=720%2C1600&amp;ssl=1\" data-orig-size=\"720,1600\" data-comments-opened=\"1\" data-image-meta=\"{&quot;aperture&quot;:&quot;0&quot;,&quot;credit&quot;:&quot;&quot;,&quot;camera&quot;:&quot;&quot;,&quot;caption&quot;:&quot;&quot;,&quot;created_timestamp&quot;:&quot;0&quot;,&quot;copyright&quot;:&quot;&quot;,&quot;focal_length&quot;:&quot;0&quot;,&quot;iso&quot;:&quot;0&quot;,&quot;shutter_speed&quot;:&quot;0&quot;,&quot;title&quot;:&quot;&quot;,&quot;orientation&quot;:&quot;0&quot;}\" data-image-title=\"Konzert- Einzel Unterricht\" data-image-description=\"\" data-image-caption=\"\" data-large-file=\"https:\/\/i0.wp.com\/indiramorenogomez.com\/wp-content\/uploads\/2025\/05\/WhatsApp-Image-2025-05-05-at-9.30.04-AM.jpeg?fit=461%2C1024&amp;ssl=1\" data-id=\"427\" src=\"https:\/\/i0.wp.com\/indiramorenogomez.com\/wp-content\/uploads\/2025\/05\/WhatsApp-Image-2025-05-05-at-9.30.04-AM.jpeg?resize=461%2C1024&#038;ssl=1\" alt=\"\" class=\"wp-image-427\" srcset=\"https:\/\/i0.wp.com\/indiramorenogomez.com\/wp-content\/uploads\/2025\/05\/WhatsApp-Image-2025-05-05-at-9.30.04-AM.jpeg?resize=461%2C1024&amp;ssl=1 461w, https:\/\/i0.wp.com\/indiramorenogomez.com\/wp-content\/uploads\/2025\/05\/WhatsApp-Image-2025-05-05-at-9.30.04-AM.jpeg?resize=135%2C300&amp;ssl=1 135w, https:\/\/i0.wp.com\/indiramorenogomez.com\/wp-content\/uploads\/2025\/05\/WhatsApp-Image-2025-05-05-at-9.30.04-AM.jpeg?resize=691%2C1536&amp;ssl=1 691w, https:\/\/i0.wp.com\/indiramorenogomez.com\/wp-content\/uploads\/2025\/05\/WhatsApp-Image-2025-05-05-at-9.30.04-AM.jpeg?w=720&amp;ssl=1 720w\" sizes=\"auto, (max-width: 461px) 100vw, 461px\" \/><\/figure>\n\n\n\n<figure class=\"wp-block-image size-large\"><img data-recalc-dims=\"1\" loading=\"lazy\" decoding=\"async\" width=\"566\" height=\"1024\" data-attachment-id=\"426\" data-permalink=\"https:\/\/indiramorenogomez.com\/whatsapp-image-2025-05-05-at-9-30-53-am\/\" data-orig-file=\"https:\/\/i0.wp.com\/indiramorenogomez.com\/wp-content\/uploads\/2025\/05\/WhatsApp-Image-2025-05-05-at-9.30.53-AM.jpeg?fit=1105%2C2000&amp;ssl=1\" data-orig-size=\"1105,2000\" data-comments-opened=\"1\" data-image-meta=\"{&quot;aperture&quot;:&quot;0&quot;,&quot;credit&quot;:&quot;&quot;,&quot;camera&quot;:&quot;&quot;,&quot;caption&quot;:&quot;&quot;,&quot;created_timestamp&quot;:&quot;0&quot;,&quot;copyright&quot;:&quot;&quot;,&quot;focal_length&quot;:&quot;0&quot;,&quot;iso&quot;:&quot;0&quot;,&quot;shutter_speed&quot;:&quot;0&quot;,&quot;title&quot;:&quot;&quot;,&quot;orientation&quot;:&quot;0&quot;}\" data-image-title=\"Schnupperstunde Violin\" data-image-description=\"\" data-image-caption=\"\" data-large-file=\"https:\/\/i0.wp.com\/indiramorenogomez.com\/wp-content\/uploads\/2025\/05\/WhatsApp-Image-2025-05-05-at-9.30.53-AM.jpeg?fit=566%2C1024&amp;ssl=1\" data-id=\"426\" src=\"https:\/\/i0.wp.com\/indiramorenogomez.com\/wp-content\/uploads\/2025\/05\/WhatsApp-Image-2025-05-05-at-9.30.53-AM.jpeg?resize=566%2C1024&#038;ssl=1\" alt=\"\" class=\"wp-image-426\" srcset=\"https:\/\/i0.wp.com\/indiramorenogomez.com\/wp-content\/uploads\/2025\/05\/WhatsApp-Image-2025-05-05-at-9.30.53-AM.jpeg?resize=566%2C1024&amp;ssl=1 566w, https:\/\/i0.wp.com\/indiramorenogomez.com\/wp-content\/uploads\/2025\/05\/WhatsApp-Image-2025-05-05-at-9.30.53-AM.jpeg?resize=166%2C300&amp;ssl=1 166w, https:\/\/i0.wp.com\/indiramorenogomez.com\/wp-content\/uploads\/2025\/05\/WhatsApp-Image-2025-05-05-at-9.30.53-AM.jpeg?resize=768%2C1390&amp;ssl=1 768w, https:\/\/i0.wp.com\/indiramorenogomez.com\/wp-content\/uploads\/2025\/05\/WhatsApp-Image-2025-05-05-at-9.30.53-AM.jpeg?resize=849%2C1536&amp;ssl=1 849w, https:\/\/i0.wp.com\/indiramorenogomez.com\/wp-content\/uploads\/2025\/05\/WhatsApp-Image-2025-05-05-at-9.30.53-AM.jpeg?w=1105&amp;ssl=1 1105w\" sizes=\"auto, (max-width: 566px) 100vw, 566px\" \/><\/figure>\n<\/figure>\n\n\n\n<ul class=\"wp-block-list\">\n<li><a href=\"https:\/\/youtu.be\/0sxEkKwhYio\" data-type=\"link\" data-id=\"https:\/\/youtu.be\/0sxEkKwhYio\">Clase N\u00b0 1: https:\/\/youtu.be\/0sxEkKwhYio<\/a><\/li>\n\n\n\n<li><a href=\"https:\/\/youtu.be\/10AB5fBYDQo\" data-type=\"link\" data-id=\"https:\/\/youtu.be\/10AB5fBYDQo\">Clase N\u00b0 2: https:\/\/youtu.be\/10AB5fBYDQo<\/a><\/li>\n\n\n\n<li><a href=\"https:\/\/youtu.be\/xq9cPZ49uM4\" data-type=\"link\" data-id=\"https:\/\/youtu.be\/xq9cPZ49uM4\">Clase N\u00b0 3: https:\/\/youtu.be\/xq9cPZ49uM4<\/a><\/li>\n\n\n\n<li><a href=\"https:\/\/youtu.be\/mjgI7IDAvnU\" data-type=\"link\" data-id=\"https:\/\/youtu.be\/mjgI7IDAvnU\">Clase N\u00b0 4: https:\/\/youtu.be\/mjgI7IDAvnU<\/a><\/li>\n\n\n\n<li><a href=\"https:\/\/youtu.be\/6bFBn4izP7Y\" data-type=\"link\" data-id=\"https:\/\/youtu.be\/6bFBn4izP7Y\">Clase N\u00b0 5: https:\/\/youtu.be\/6bFBn4izP7Y<\/a><\/li>\n\n\n\n<li><a href=\"https:\/\/youtu.be\/D5nYVERQ7mM\" data-type=\"link\" data-id=\"https:\/\/youtu.be\/D5nYVERQ7mM\">Clase N\u00b0 6: https:\/\/youtu.be\/D5nYVERQ7mM<\/a><\/li>\n\n\n\n<li><a href=\"https:\/\/youtu.be\/1Q5gg1SPtRg\" data-type=\"link\" data-id=\"https:\/\/youtu.be\/1Q5gg1SPtRg\">Clase N\u00b0 7: https:\/\/youtu.be\/1Q5gg1SPtRg<\/a><\/li>\n<\/ul>\n\n\n\n<p><\/p>\n","protected":false},"excerpt":{"rendered":"<p>Sie m\u00f6chten das Violinspiel erlernen und ihre Lieblingslieder auf der Violine spielen k\u00f6nnen? Ich unterrichte Kinder (schon ab drei Jahren) sowie Erwachsene und hoffe, in Ihnen oder Ihrem Kind die gleiche Begeisterung f\u00fcr die Musik wecken zu k\u00f6nnen, die ich selbst daf\u00fcr seit meiner fr\u00fchen Kindheit versp\u00fcre. In meiner Rolle als P\u00e4dagogin habe ich mehrere Jahre Erfahrung. Ich habe w\u00e4hrend meiner musikalischen Laufbahn das mir angeeignete K\u00f6nnen stets weitergegeben und Menschen dabei geholfen, dieses wundersch\u00f6ne Instrument zu erlernen. Ich charakterisiere mich als proaktive Lehrerin, die durch spielerische und humorvolle Herangehensweise den Lernprozess optimal zu f\u00f6rdern versucht.<\/p>\n","protected":false},"author":1,"featured_media":0,"parent":0,"menu_order":0,"comment_status":"closed","ping_status":"closed","template":"","meta":{"footnotes":""},"class_list":["post-30","page","type-page","status-publish","hentry"],"jetpack_sharing_enabled":true,"_links":{"self":[{"href":"https:\/\/indiramorenogomez.com\/index.php\/wp-json\/wp\/v2\/pages\/30","targetHints":{"allow":["GET"]}}],"collection":[{"href":"https:\/\/indiramorenogomez.com\/index.php\/wp-json\/wp\/v2\/pages"}],"about":[{"href":"https:\/\/indiramorenogomez.com\/index.php\/wp-json\/wp\/v2\/types\/page"}],"author":[{"embeddable":true,"href":"https:\/\/indiramorenogomez.com\/index.php\/wp-json\/wp\/v2\/users\/1"}],"replies":[{"embeddable":true,"href":"https:\/\/indiramorenogomez.com\/index.php\/wp-json\/wp\/v2\/comments?post=30"}],"version-history":[{"count":9,"href":"https:\/\/indiramorenogomez.com\/index.php\/wp-json\/wp\/v2\/pages\/30\/revisions"}],"predecessor-version":[{"id":441,"href":"https:\/\/indiramorenogomez.com\/index.php\/wp-json\/wp\/v2\/pages\/30\/revisions\/441"}],"wp:attachment":[{"href":"https:\/\/indiramorenogomez.com\/index.php\/wp-json\/wp\/v2\/media?parent=30"}],"curies":[{"name":"wp","href":"https:\/\/api.w.org\/{rel}","templated":true}]}}