{"id":35,"date":"2024-07-29T12:00:56","date_gmt":"2024-07-29T12:00:56","guid":{"rendered":"https:\/\/indiramorenogomez.com\/?page_id=35"},"modified":"2024-12-28T06:35:05","modified_gmt":"2024-12-28T06:35:05","slug":"elementare-musikpaedagogik","status":"publish","type":"page","link":"https:\/\/indiramorenogomez.com\/index.php\/elementare-musikpaedagogik\/","title":{"rendered":"Elementare Musikp\u00e4dagogik"},"content":{"rendered":"\n<figure class=\"wp-block-gallery has-nested-images columns-default is-cropped wp-block-gallery-1 is-layout-flex wp-block-gallery-is-layout-flex\">\n<figure class=\"wp-block-image size-large\"><img data-recalc-dims=\"1\" loading=\"lazy\" decoding=\"async\" width=\"960\" height=\"720\" data-attachment-id=\"183\" data-permalink=\"https:\/\/indiramorenogomez.com\/index.php\/elementare-musikpaedagogik\/whatsapp-image-2024-11-11-at-6-57-40-pm-4\/\" data-orig-file=\"https:\/\/i0.wp.com\/indiramorenogomez.com\/wp-content\/uploads\/2024\/11\/WhatsApp-Image-2024-11-11-at-6.57.40-PM-4.jpeg?fit=1024%2C768&amp;ssl=1\" data-orig-size=\"1024,768\" data-comments-opened=\"1\" data-image-meta=\"{&quot;aperture&quot;:&quot;0&quot;,&quot;credit&quot;:&quot;&quot;,&quot;camera&quot;:&quot;&quot;,&quot;caption&quot;:&quot;&quot;,&quot;created_timestamp&quot;:&quot;0&quot;,&quot;copyright&quot;:&quot;&quot;,&quot;focal_length&quot;:&quot;0&quot;,&quot;iso&quot;:&quot;0&quot;,&quot;shutter_speed&quot;:&quot;0&quot;,&quot;title&quot;:&quot;&quot;,&quot;orientation&quot;:&quot;0&quot;}\" data-image-title=\"Gruppenunterricht\" data-image-description=\"\" data-image-caption=\"\" data-large-file=\"https:\/\/i0.wp.com\/indiramorenogomez.com\/wp-content\/uploads\/2024\/11\/WhatsApp-Image-2024-11-11-at-6.57.40-PM-4.jpeg?fit=960%2C720&amp;ssl=1\" data-id=\"183\" src=\"https:\/\/i0.wp.com\/indiramorenogomez.com\/wp-content\/uploads\/2024\/11\/WhatsApp-Image-2024-11-11-at-6.57.40-PM-4.jpeg?resize=960%2C720&#038;ssl=1\" alt=\"\" class=\"wp-image-183\" srcset=\"https:\/\/i0.wp.com\/indiramorenogomez.com\/wp-content\/uploads\/2024\/11\/WhatsApp-Image-2024-11-11-at-6.57.40-PM-4.jpeg?w=1024&amp;ssl=1 1024w, https:\/\/i0.wp.com\/indiramorenogomez.com\/wp-content\/uploads\/2024\/11\/WhatsApp-Image-2024-11-11-at-6.57.40-PM-4.jpeg?resize=300%2C225&amp;ssl=1 300w, https:\/\/i0.wp.com\/indiramorenogomez.com\/wp-content\/uploads\/2024\/11\/WhatsApp-Image-2024-11-11-at-6.57.40-PM-4.jpeg?resize=768%2C576&amp;ssl=1 768w\" sizes=\"auto, (max-width: 960px) 100vw, 960px\" \/><\/figure>\n\n\n\n<figure class=\"wp-block-image size-large\"><img data-recalc-dims=\"1\" loading=\"lazy\" decoding=\"async\" width=\"960\" height=\"720\" data-attachment-id=\"180\" data-permalink=\"https:\/\/indiramorenogomez.com\/index.php\/elementare-musikpaedagogik\/whatsapp-image-2024-11-11-at-6-57-40-pm-1\/\" data-orig-file=\"https:\/\/i0.wp.com\/indiramorenogomez.com\/wp-content\/uploads\/2024\/11\/WhatsApp-Image-2024-11-11-at-6.57.40-PM-1.jpeg?fit=1024%2C768&amp;ssl=1\" data-orig-size=\"1024,768\" data-comments-opened=\"1\" data-image-meta=\"{&quot;aperture&quot;:&quot;0&quot;,&quot;credit&quot;:&quot;&quot;,&quot;camera&quot;:&quot;&quot;,&quot;caption&quot;:&quot;&quot;,&quot;created_timestamp&quot;:&quot;0&quot;,&quot;copyright&quot;:&quot;&quot;,&quot;focal_length&quot;:&quot;0&quot;,&quot;iso&quot;:&quot;0&quot;,&quot;shutter_speed&quot;:&quot;0&quot;,&quot;title&quot;:&quot;&quot;,&quot;orientation&quot;:&quot;0&quot;}\" data-image-title=\"Gruppen Unterricht EMP\" data-image-description=\"\" data-image-caption=\"\" data-large-file=\"https:\/\/i0.wp.com\/indiramorenogomez.com\/wp-content\/uploads\/2024\/11\/WhatsApp-Image-2024-11-11-at-6.57.40-PM-1.jpeg?fit=960%2C720&amp;ssl=1\" data-id=\"180\" src=\"https:\/\/i0.wp.com\/indiramorenogomez.com\/wp-content\/uploads\/2024\/11\/WhatsApp-Image-2024-11-11-at-6.57.40-PM-1.jpeg?resize=960%2C720&#038;ssl=1\" alt=\"\" class=\"wp-image-180\" srcset=\"https:\/\/i0.wp.com\/indiramorenogomez.com\/wp-content\/uploads\/2024\/11\/WhatsApp-Image-2024-11-11-at-6.57.40-PM-1.jpeg?w=1024&amp;ssl=1 1024w, https:\/\/i0.wp.com\/indiramorenogomez.com\/wp-content\/uploads\/2024\/11\/WhatsApp-Image-2024-11-11-at-6.57.40-PM-1.jpeg?resize=300%2C225&amp;ssl=1 300w, https:\/\/i0.wp.com\/indiramorenogomez.com\/wp-content\/uploads\/2024\/11\/WhatsApp-Image-2024-11-11-at-6.57.40-PM-1.jpeg?resize=768%2C576&amp;ssl=1 768w\" sizes=\"auto, (max-width: 960px) 100vw, 960px\" \/><\/figure>\n\n\n\n<figure class=\"wp-block-image size-large\"><img data-recalc-dims=\"1\" loading=\"lazy\" decoding=\"async\" width=\"960\" height=\"720\" data-attachment-id=\"185\" data-permalink=\"https:\/\/indiramorenogomez.com\/index.php\/elementare-musikpaedagogik\/whatsapp-image-2024-11-11-at-6-57-40-pm-5\/\" data-orig-file=\"https:\/\/i0.wp.com\/indiramorenogomez.com\/wp-content\/uploads\/2024\/11\/WhatsApp-Image-2024-11-11-at-6.57.40-PM-5.jpeg?fit=1024%2C768&amp;ssl=1\" data-orig-size=\"1024,768\" data-comments-opened=\"1\" data-image-meta=\"{&quot;aperture&quot;:&quot;0&quot;,&quot;credit&quot;:&quot;&quot;,&quot;camera&quot;:&quot;&quot;,&quot;caption&quot;:&quot;&quot;,&quot;created_timestamp&quot;:&quot;0&quot;,&quot;copyright&quot;:&quot;&quot;,&quot;focal_length&quot;:&quot;0&quot;,&quot;iso&quot;:&quot;0&quot;,&quot;shutter_speed&quot;:&quot;0&quot;,&quot;title&quot;:&quot;&quot;,&quot;orientation&quot;:&quot;0&quot;}\" data-image-title=\"Gruppen Unterricht EMP\" data-image-description=\"\" data-image-caption=\"\" data-large-file=\"https:\/\/i0.wp.com\/indiramorenogomez.com\/wp-content\/uploads\/2024\/11\/WhatsApp-Image-2024-11-11-at-6.57.40-PM-5.jpeg?fit=960%2C720&amp;ssl=1\" data-id=\"185\" src=\"https:\/\/i0.wp.com\/indiramorenogomez.com\/wp-content\/uploads\/2024\/11\/WhatsApp-Image-2024-11-11-at-6.57.40-PM-5.jpeg?resize=960%2C720&#038;ssl=1\" alt=\"\" class=\"wp-image-185\" srcset=\"https:\/\/i0.wp.com\/indiramorenogomez.com\/wp-content\/uploads\/2024\/11\/WhatsApp-Image-2024-11-11-at-6.57.40-PM-5.jpeg?w=1024&amp;ssl=1 1024w, https:\/\/i0.wp.com\/indiramorenogomez.com\/wp-content\/uploads\/2024\/11\/WhatsApp-Image-2024-11-11-at-6.57.40-PM-5.jpeg?resize=300%2C225&amp;ssl=1 300w, https:\/\/i0.wp.com\/indiramorenogomez.com\/wp-content\/uploads\/2024\/11\/WhatsApp-Image-2024-11-11-at-6.57.40-PM-5.jpeg?resize=768%2C576&amp;ssl=1 768w\" sizes=\"auto, (max-width: 960px) 100vw, 960px\" \/><\/figure>\n\n\n\n<figure class=\"wp-block-image size-large\"><img data-recalc-dims=\"1\" loading=\"lazy\" decoding=\"async\" width=\"960\" height=\"720\" data-attachment-id=\"186\" data-permalink=\"https:\/\/indiramorenogomez.com\/index.php\/elementare-musikpaedagogik\/whatsapp-image-2024-11-11-at-6-57-40-pm-6\/\" data-orig-file=\"https:\/\/i0.wp.com\/indiramorenogomez.com\/wp-content\/uploads\/2024\/11\/WhatsApp-Image-2024-11-11-at-6.57.40-PM-6.jpeg?fit=1024%2C768&amp;ssl=1\" data-orig-size=\"1024,768\" data-comments-opened=\"1\" data-image-meta=\"{&quot;aperture&quot;:&quot;0&quot;,&quot;credit&quot;:&quot;&quot;,&quot;camera&quot;:&quot;&quot;,&quot;caption&quot;:&quot;&quot;,&quot;created_timestamp&quot;:&quot;0&quot;,&quot;copyright&quot;:&quot;&quot;,&quot;focal_length&quot;:&quot;0&quot;,&quot;iso&quot;:&quot;0&quot;,&quot;shutter_speed&quot;:&quot;0&quot;,&quot;title&quot;:&quot;&quot;,&quot;orientation&quot;:&quot;0&quot;}\" data-image-title=\"Gruppenunterricht\" data-image-description=\"\" data-image-caption=\"\" data-large-file=\"https:\/\/i0.wp.com\/indiramorenogomez.com\/wp-content\/uploads\/2024\/11\/WhatsApp-Image-2024-11-11-at-6.57.40-PM-6.jpeg?fit=960%2C720&amp;ssl=1\" data-id=\"186\" src=\"https:\/\/i0.wp.com\/indiramorenogomez.com\/wp-content\/uploads\/2024\/11\/WhatsApp-Image-2024-11-11-at-6.57.40-PM-6.jpeg?resize=960%2C720&#038;ssl=1\" alt=\"\" class=\"wp-image-186\" srcset=\"https:\/\/i0.wp.com\/indiramorenogomez.com\/wp-content\/uploads\/2024\/11\/WhatsApp-Image-2024-11-11-at-6.57.40-PM-6.jpeg?w=1024&amp;ssl=1 1024w, https:\/\/i0.wp.com\/indiramorenogomez.com\/wp-content\/uploads\/2024\/11\/WhatsApp-Image-2024-11-11-at-6.57.40-PM-6.jpeg?resize=300%2C225&amp;ssl=1 300w, https:\/\/i0.wp.com\/indiramorenogomez.com\/wp-content\/uploads\/2024\/11\/WhatsApp-Image-2024-11-11-at-6.57.40-PM-6.jpeg?resize=768%2C576&amp;ssl=1 768w\" sizes=\"auto, (max-width: 960px) 100vw, 960px\" \/><\/figure>\n<\/figure>\n\n\n\n<p class=\"has-text-align-center\">Ich komme aus Kolumbien, einem Land, das mehr als 1000 verschiedene musikalische Rhythmen hat. Besonders wuchs ich mit dem Klang des Boleros, der Musik der kolumbianischen Andenregion und der Salsa, deren Trommeln und Trompeten mir meine erste Erfahrung mit dem Tanz und dem Musizieren brachten.<br>EMP ist ein Bereich, der eine starke Verbindung mit den verschiedenen Phasen meines Lebens und meiner Pers\u00f6nlichkeit hat. Als Kind habe ich verschiedene Tanzrichtungen wie Tango, Moderner Tanz und Salsa erfahren. Gleichzeitig wurde ich von einer Musikstiftung gef\u00f6rdert, in der ich aus eigener Erfahrung die gro\u00dfe F\u00e4higkeit der Musik gesehen habe, die Lebensqualit\u00e4t zu verbessern.<br>Ich hatte Lehrer, die mir lachend und spielerisch Musik beibrachten und mich motivierten, meine k\u00fcnstlerischen und pers\u00f6nlichen Ziele zu erreichen. Das war das gr\u00f6\u00dfte Geschenk, das ich bekommen konnte, und das ist auch ein Geschenk, das ich jeden Tag mit meinen Sch\u00fclern zu teilen versuche.<br>Mir ist bewusst, dass wir als Lehrer einen gro\u00dfen Einfluss auf die Menschen haben. Wir erm\u00f6glichen nicht nur die Entwicklung k\u00fcnstlerischer, sondern auch sozialer und emotionaler F\u00e4higkeiten. Deshalb ist der EMP-Bereich mein Traum und die M\u00f6glichkeit, mich an den Transformationsprozessen zu beteiligen, die die Welt braucht.<\/p>\n\n\n\n<p><\/p>\n","protected":false},"excerpt":{"rendered":"<p>Ich komme aus Kolumbien, einem Land, das mehr als 1000 verschiedene musikalische Rhythmen hat. Besonders wuchs ich mit dem Klang des Boleros, der Musik der kolumbianischen Andenregion und der Salsa, deren Trommeln und Trompeten mir meine erste Erfahrung mit dem Tanz und dem Musizieren brachten.EMP ist ein Bereich, der eine starke Verbindung mit den verschiedenen Phasen meines Lebens und meiner Pers\u00f6nlichkeit hat. Als Kind habe ich verschiedene Tanzrichtungen wie Tango, Moderner Tanz und Salsa erfahren. Gleichzeitig wurde ich von einer Musikstiftung gef\u00f6rdert, in der ich aus eigener Erfahrung die gro\u00dfe F\u00e4higkeit der Musik gesehen habe, die Lebensqualit\u00e4t zu verbessern.Ich hatte Lehrer, die mir lachend und spielerisch Musik beibrachten und mich motivierten, meine k\u00fcnstlerischen und pers\u00f6nlichen Ziele zu erreichen. Das war das gr\u00f6\u00dfte Geschenk, das ich bekommen konnte, und das ist auch ein Geschenk, das ich jeden Tag mit meinen Sch\u00fclern zu teilen versuche.Mir ist bewusst, dass wir als Lehrer einen gro\u00dfen Einfluss auf die Menschen haben. Wir erm\u00f6glichen nicht nur die Entwicklung k\u00fcnstlerischer, sondern auch sozialer und emotionaler F\u00e4higkeiten. Deshalb ist der EMP-Bereich mein Traum und die M\u00f6glichkeit, mich an den Transformationsprozessen zu beteiligen, die die Welt braucht.<\/p>\n","protected":false},"author":1,"featured_media":0,"parent":0,"menu_order":0,"comment_status":"closed","ping_status":"closed","template":"","meta":{"footnotes":""},"class_list":["post-35","page","type-page","status-publish","hentry"],"jetpack_sharing_enabled":true,"_links":{"self":[{"href":"https:\/\/indiramorenogomez.com\/index.php\/wp-json\/wp\/v2\/pages\/35","targetHints":{"allow":["GET"]}}],"collection":[{"href":"https:\/\/indiramorenogomez.com\/index.php\/wp-json\/wp\/v2\/pages"}],"about":[{"href":"https:\/\/indiramorenogomez.com\/index.php\/wp-json\/wp\/v2\/types\/page"}],"author":[{"embeddable":true,"href":"https:\/\/indiramorenogomez.com\/index.php\/wp-json\/wp\/v2\/users\/1"}],"replies":[{"embeddable":true,"href":"https:\/\/indiramorenogomez.com\/index.php\/wp-json\/wp\/v2\/comments?post=35"}],"version-history":[{"count":10,"href":"https:\/\/indiramorenogomez.com\/index.php\/wp-json\/wp\/v2\/pages\/35\/revisions"}],"predecessor-version":[{"id":371,"href":"https:\/\/indiramorenogomez.com\/index.php\/wp-json\/wp\/v2\/pages\/35\/revisions\/371"}],"wp:attachment":[{"href":"https:\/\/indiramorenogomez.com\/index.php\/wp-json\/wp\/v2\/media?parent=35"}],"curies":[{"name":"wp","href":"https:\/\/api.w.org\/{rel}","templated":true}]}}