{"id":37,"date":"2024-07-29T12:01:41","date_gmt":"2024-07-29T12:01:41","guid":{"rendered":"https:\/\/indiramorenogomez.com\/?page_id=37"},"modified":"2024-11-11T20:25:18","modified_gmt":"2024-11-11T20:25:18","slug":"angebote","status":"publish","type":"page","link":"https:\/\/indiramorenogomez.com\/index.php\/angebote\/","title":{"rendered":"Angebote"},"content":{"rendered":"\n<p>Meine T\u00e4tigkeiten als Musikerin sind vielseitig. So bin ich nicht nur eine engagierte Violinistin und Performerin, sondern auch Instrumental- und Musikp\u00e4dagogin sowie Musikvermittlerin. <\/p>\n\n\n\n<p>Finden Sie unter folgenden Untermen\u00fcs mehr \u00fcber meine T\u00e4tigkeiten heraus. <\/p>\n\n\n\n<ul class=\"wp-block-list\">\n<li><a href=\"https:\/\/indiramorenogomez.com\/index.php\/events-performance\/\">Performerin (Events)<\/a><\/li>\n\n\n\n<li><a href=\"https:\/\/indiramorenogomez.com\/index.php\/violinunterricht\/\" data-type=\"page\" data-id=\"30\">Musikp\u00e4dagogin (Violinunterricht)<\/a><\/li>\n\n\n\n<li><a href=\"https:\/\/indiramorenogomez.com\/index.php\/elementare-musikpaedagogik\/\" data-type=\"page\" data-id=\"35\">Musikp\u00e4dagogin (Elementare Musikp\u00e4dagogik)<\/a><\/li>\n\n\n\n<li><a href=\"https:\/\/indiramorenogomez.com\/index.php\/musikvermittlung\/\" data-type=\"page\" data-id=\"65\">Musikvermittlerin (Projekte)<\/a><\/li>\n<\/ul>\n","protected":false},"excerpt":{"rendered":"<p>Meine T\u00e4tigkeiten als Musikerin sind vielseitig. So bin ich nicht nur eine engagierte Violinistin und Performerin, sondern auch Instrumental- und Musikp\u00e4dagogin sowie Musikvermittlerin. Finden Sie unter folgenden Untermen\u00fcs mehr \u00fcber meine T\u00e4tigkeiten heraus.<\/p>\n","protected":false},"author":1,"featured_media":0,"parent":0,"menu_order":0,"comment_status":"closed","ping_status":"closed","template":"","meta":{"footnotes":""},"class_list":["post-37","page","type-page","status-publish","hentry"],"jetpack_sharing_enabled":true,"_links":{"self":[{"href":"https:\/\/indiramorenogomez.com\/index.php\/wp-json\/wp\/v2\/pages\/37","targetHints":{"allow":["GET"]}}],"collection":[{"href":"https:\/\/indiramorenogomez.com\/index.php\/wp-json\/wp\/v2\/pages"}],"about":[{"href":"https:\/\/indiramorenogomez.com\/index.php\/wp-json\/wp\/v2\/types\/page"}],"author":[{"embeddable":true,"href":"https:\/\/indiramorenogomez.com\/index.php\/wp-json\/wp\/v2\/users\/1"}],"replies":[{"embeddable":true,"href":"https:\/\/indiramorenogomez.com\/index.php\/wp-json\/wp\/v2\/comments?post=37"}],"version-history":[{"count":4,"href":"https:\/\/indiramorenogomez.com\/index.php\/wp-json\/wp\/v2\/pages\/37\/revisions"}],"predecessor-version":[{"id":364,"href":"https:\/\/indiramorenogomez.com\/index.php\/wp-json\/wp\/v2\/pages\/37\/revisions\/364"}],"wp:attachment":[{"href":"https:\/\/indiramorenogomez.com\/index.php\/wp-json\/wp\/v2\/media?parent=37"}],"curies":[{"name":"wp","href":"https:\/\/api.w.org\/{rel}","templated":true}]}}