{"id":65,"date":"2024-07-29T13:05:42","date_gmt":"2024-07-29T13:05:42","guid":{"rendered":"https:\/\/indiramorenogomez.com\/?page_id=65"},"modified":"2024-11-11T20:12:45","modified_gmt":"2024-11-11T20:12:45","slug":"musikvermittlung","status":"publish","type":"page","link":"https:\/\/indiramorenogomez.com\/index.php\/musikvermittlung\/","title":{"rendered":"Musikvermittlung"},"content":{"rendered":"\n<p class=\"has-text-align-center\"><br>Als Leiterin und Managerin von Projekten, welche die Transformation und die soziokulturelle Entwicklung von Gemeinschaften beeinflussen, habe ich mehrere Jahre und in Form verschiedener Projekte Erfahrung. Gleichzeitig befinde ich mich in einem sta\u0308ndigen Weiterbildungsprozess, um an der Entwicklung von Inklusionsklassen zu arbeiten, mithilfe derer der soziale Zusammenhalt gefo\u0308rdert wird.<br> <br>Als Kulturagentin bin ich eine Person mit der F\u00e4higkeit, R\u00e4ume f\u00fcr den gemeinschaftlichen Dialog durch Kunst zu \u00f6ffnen. Ich hege die Bereitschaft, von meinem Gebiet aus zum Aufbau einer Gesellschaft mit mehr Gerechtigkeit und Frieden beizutragen. Ich arbeite leidenschaftlich daran, die kulturelle Identit\u00e4t zu st\u00e4rken, beim Aufbau von Kooperationsnetzwerken mitzuwirken und in transdisziplin\u00e4ren Projekten die Lebensqualit\u00e4t der Menschen zu verbessern.<\/p>\n\n\n\n<p>Finden Sie mehr \u00fcber mein letztes p\u00e4dagogisches Innovationsprojekt <a href=\"https:\/\/pregonerosmcj-wixsite-com.translate.goog\/my-site?_x_tr_sl=es&amp;_x_tr_tl=de&amp;_x_tr_hl=de&amp;_x_tr_pto=wapp&amp;_x_tr_hist=true\" target=\"_blank\" rel=\"noreferrer noopener\"><strong>&#8222;Pregoneros&#8220;<\/strong><\/a> heraus (Webseite \u00fcbersetzt aus dem Spanischen).<\/p>\n\n\n\n<figure class=\"wp-block-gallery has-nested-images columns-default is-cropped wp-block-gallery-1 is-layout-flex wp-block-gallery-is-layout-flex\">\n<figure class=\"wp-block-image size-large\"><img data-recalc-dims=\"1\" loading=\"lazy\" decoding=\"async\" width=\"947\" height=\"533\" data-attachment-id=\"212\" data-permalink=\"https:\/\/indiramorenogomez.com\/img_20220330_013417_112-2\/\" data-orig-file=\"https:\/\/i0.wp.com\/indiramorenogomez.com\/wp-content\/uploads\/2024\/11\/IMG_20220330_013417_112-edited.webp?fit=947%2C533&amp;ssl=1\" data-orig-size=\"947,533\" data-comments-opened=\"1\" data-image-meta=\"{&quot;aperture&quot;:&quot;0&quot;,&quot;credit&quot;:&quot;&quot;,&quot;camera&quot;:&quot;&quot;,&quot;caption&quot;:&quot;&quot;,&quot;created_timestamp&quot;:&quot;0&quot;,&quot;copyright&quot;:&quot;&quot;,&quot;focal_length&quot;:&quot;0&quot;,&quot;iso&quot;:&quot;0&quot;,&quot;shutter_speed&quot;:&quot;0&quot;,&quot;title&quot;:&quot;&quot;,&quot;orientation&quot;:&quot;0&quot;}\" data-image-title=\"Online Unterricht\" data-image-description=\"\" data-image-caption=\"\" data-large-file=\"https:\/\/i0.wp.com\/indiramorenogomez.com\/wp-content\/uploads\/2024\/11\/IMG_20220330_013417_112-edited.webp?fit=947%2C533&amp;ssl=1\" data-id=\"212\" src=\"https:\/\/i0.wp.com\/indiramorenogomez.com\/wp-content\/uploads\/2024\/11\/IMG_20220330_013417_112-edited.webp?resize=947%2C533&#038;ssl=1\" alt=\"\" class=\"wp-image-212\" srcset=\"https:\/\/i0.wp.com\/indiramorenogomez.com\/wp-content\/uploads\/2024\/11\/IMG_20220330_013417_112-edited.webp?w=947&amp;ssl=1 947w, https:\/\/i0.wp.com\/indiramorenogomez.com\/wp-content\/uploads\/2024\/11\/IMG_20220330_013417_112-edited.webp?resize=300%2C169&amp;ssl=1 300w, https:\/\/i0.wp.com\/indiramorenogomez.com\/wp-content\/uploads\/2024\/11\/IMG_20220330_013417_112-edited.webp?resize=768%2C432&amp;ssl=1 768w\" sizes=\"auto, (max-width: 947px) 100vw, 947px\" \/><\/figure>\n\n\n\n<figure class=\"wp-block-image size-large\"><img data-recalc-dims=\"1\" loading=\"lazy\" decoding=\"async\" width=\"960\" height=\"540\" data-attachment-id=\"215\" data-permalink=\"https:\/\/indiramorenogomez.com\/img-20210624-wa0000-2\/\" data-orig-file=\"https:\/\/i0.wp.com\/indiramorenogomez.com\/wp-content\/uploads\/2024\/11\/IMG-20210624-WA0000-edited.jpg?fit=994%2C559&amp;ssl=1\" data-orig-size=\"994,559\" data-comments-opened=\"1\" data-image-meta=\"{&quot;aperture&quot;:&quot;0&quot;,&quot;credit&quot;:&quot;&quot;,&quot;camera&quot;:&quot;&quot;,&quot;caption&quot;:&quot;&quot;,&quot;created_timestamp&quot;:&quot;0&quot;,&quot;copyright&quot;:&quot;&quot;,&quot;focal_length&quot;:&quot;0&quot;,&quot;iso&quot;:&quot;0&quot;,&quot;shutter_speed&quot;:&quot;0&quot;,&quot;title&quot;:&quot;&quot;,&quot;orientation&quot;:&quot;0&quot;}\" data-image-title=\"Online Unterricht\" data-image-description=\"\" data-image-caption=\"\" data-large-file=\"https:\/\/i0.wp.com\/indiramorenogomez.com\/wp-content\/uploads\/2024\/11\/IMG-20210624-WA0000-edited.jpg?fit=960%2C540&amp;ssl=1\" data-id=\"215\" src=\"https:\/\/i0.wp.com\/indiramorenogomez.com\/wp-content\/uploads\/2024\/11\/IMG-20210624-WA0000-edited.jpg?resize=960%2C540&#038;ssl=1\" alt=\"\" class=\"wp-image-215\" srcset=\"https:\/\/i0.wp.com\/indiramorenogomez.com\/wp-content\/uploads\/2024\/11\/IMG-20210624-WA0000-edited.jpg?w=994&amp;ssl=1 994w, https:\/\/i0.wp.com\/indiramorenogomez.com\/wp-content\/uploads\/2024\/11\/IMG-20210624-WA0000-edited.jpg?resize=300%2C169&amp;ssl=1 300w, https:\/\/i0.wp.com\/indiramorenogomez.com\/wp-content\/uploads\/2024\/11\/IMG-20210624-WA0000-edited.jpg?resize=768%2C432&amp;ssl=1 768w\" sizes=\"auto, (max-width: 960px) 100vw, 960px\" \/><\/figure>\n\n\n\n<figure class=\"wp-block-image size-large\"><img data-recalc-dims=\"1\" loading=\"lazy\" decoding=\"async\" width=\"842\" height=\"474\" data-attachment-id=\"214\" data-permalink=\"https:\/\/indiramorenogomez.com\/img-20210610-wa0011-2\/\" data-orig-file=\"https:\/\/i0.wp.com\/indiramorenogomez.com\/wp-content\/uploads\/2024\/11\/IMG-20210610-WA0011-edited.jpg?fit=842%2C474&amp;ssl=1\" data-orig-size=\"842,474\" data-comments-opened=\"1\" data-image-meta=\"{&quot;aperture&quot;:&quot;0&quot;,&quot;credit&quot;:&quot;&quot;,&quot;camera&quot;:&quot;&quot;,&quot;caption&quot;:&quot;&quot;,&quot;created_timestamp&quot;:&quot;0&quot;,&quot;copyright&quot;:&quot;&quot;,&quot;focal_length&quot;:&quot;0&quot;,&quot;iso&quot;:&quot;0&quot;,&quot;shutter_speed&quot;:&quot;0&quot;,&quot;title&quot;:&quot;&quot;,&quot;orientation&quot;:&quot;0&quot;}\" data-image-title=\"Online Unterricht\" data-image-description=\"\" data-image-caption=\"\" data-large-file=\"https:\/\/i0.wp.com\/indiramorenogomez.com\/wp-content\/uploads\/2024\/11\/IMG-20210610-WA0011-edited.jpg?fit=842%2C474&amp;ssl=1\" data-id=\"214\" src=\"https:\/\/i0.wp.com\/indiramorenogomez.com\/wp-content\/uploads\/2024\/11\/IMG-20210610-WA0011-edited.jpg?resize=842%2C474&#038;ssl=1\" alt=\"\" class=\"wp-image-214\" srcset=\"https:\/\/i0.wp.com\/indiramorenogomez.com\/wp-content\/uploads\/2024\/11\/IMG-20210610-WA0011-edited.jpg?w=842&amp;ssl=1 842w, https:\/\/i0.wp.com\/indiramorenogomez.com\/wp-content\/uploads\/2024\/11\/IMG-20210610-WA0011-edited.jpg?resize=300%2C169&amp;ssl=1 300w, https:\/\/i0.wp.com\/indiramorenogomez.com\/wp-content\/uploads\/2024\/11\/IMG-20210610-WA0011-edited.jpg?resize=768%2C432&amp;ssl=1 768w\" sizes=\"auto, (max-width: 842px) 100vw, 842px\" \/><\/figure>\n\n\n\n<figure class=\"wp-block-image size-large\"><img data-recalc-dims=\"1\" loading=\"lazy\" decoding=\"async\" width=\"960\" height=\"540\" data-attachment-id=\"213\" data-permalink=\"https:\/\/indiramorenogomez.com\/img-20210610-wa0015-2\/\" data-orig-file=\"https:\/\/i0.wp.com\/indiramorenogomez.com\/wp-content\/uploads\/2024\/11\/IMG-20210610-WA0015-edited.jpg?fit=1174%2C660&amp;ssl=1\" data-orig-size=\"1174,660\" data-comments-opened=\"1\" data-image-meta=\"{&quot;aperture&quot;:&quot;0&quot;,&quot;credit&quot;:&quot;&quot;,&quot;camera&quot;:&quot;&quot;,&quot;caption&quot;:&quot;&quot;,&quot;created_timestamp&quot;:&quot;0&quot;,&quot;copyright&quot;:&quot;&quot;,&quot;focal_length&quot;:&quot;0&quot;,&quot;iso&quot;:&quot;0&quot;,&quot;shutter_speed&quot;:&quot;0&quot;,&quot;title&quot;:&quot;&quot;,&quot;orientation&quot;:&quot;0&quot;}\" data-image-title=\"Online Unterricht\" data-image-description=\"\" data-image-caption=\"\" data-large-file=\"https:\/\/i0.wp.com\/indiramorenogomez.com\/wp-content\/uploads\/2024\/11\/IMG-20210610-WA0015-edited.jpg?fit=960%2C540&amp;ssl=1\" data-id=\"213\" src=\"https:\/\/i0.wp.com\/indiramorenogomez.com\/wp-content\/uploads\/2024\/11\/IMG-20210610-WA0015-edited.jpg?resize=960%2C540&#038;ssl=1\" alt=\"\" class=\"wp-image-213\" srcset=\"https:\/\/i0.wp.com\/indiramorenogomez.com\/wp-content\/uploads\/2024\/11\/IMG-20210610-WA0015-edited.jpg?w=1174&amp;ssl=1 1174w, https:\/\/i0.wp.com\/indiramorenogomez.com\/wp-content\/uploads\/2024\/11\/IMG-20210610-WA0015-edited.jpg?resize=300%2C169&amp;ssl=1 300w, https:\/\/i0.wp.com\/indiramorenogomez.com\/wp-content\/uploads\/2024\/11\/IMG-20210610-WA0015-edited.jpg?resize=1024%2C576&amp;ssl=1 1024w, https:\/\/i0.wp.com\/indiramorenogomez.com\/wp-content\/uploads\/2024\/11\/IMG-20210610-WA0015-edited.jpg?resize=768%2C432&amp;ssl=1 768w, https:\/\/i0.wp.com\/indiramorenogomez.com\/wp-content\/uploads\/2024\/11\/IMG-20210610-WA0015-edited.jpg?resize=1140%2C641&amp;ssl=1 1140w\" sizes=\"auto, (max-width: 960px) 100vw, 960px\" \/><\/figure>\n<\/figure>\n","protected":false},"excerpt":{"rendered":"<p>Als Leiterin und Managerin von Projekten, welche die Transformation und die soziokulturelle Entwicklung von Gemeinschaften beeinflussen, habe ich mehrere Jahre und in Form verschiedener Projekte Erfahrung. Gleichzeitig befinde ich mich in einem sta\u0308ndigen Weiterbildungsprozess, um an der Entwicklung von Inklusionsklassen zu arbeiten, mithilfe derer der soziale Zusammenhalt gefo\u0308rdert wird. Als Kulturagentin bin ich eine Person mit der F\u00e4higkeit, R\u00e4ume f\u00fcr den gemeinschaftlichen Dialog durch Kunst zu \u00f6ffnen. Ich hege die Bereitschaft, von meinem Gebiet aus zum Aufbau einer Gesellschaft mit mehr Gerechtigkeit und Frieden beizutragen. Ich arbeite leidenschaftlich daran, die kulturelle Identit\u00e4t zu st\u00e4rken, beim Aufbau von Kooperationsnetzwerken mitzuwirken und in transdisziplin\u00e4ren Projekten die Lebensqualit\u00e4t der Menschen zu verbessern. Finden Sie mehr \u00fcber mein letztes p\u00e4dagogisches Innovationsprojekt &#8222;Pregoneros&#8220; heraus (Webseite \u00fcbersetzt aus dem Spanischen).<\/p>\n","protected":false},"author":1,"featured_media":0,"parent":0,"menu_order":0,"comment_status":"closed","ping_status":"closed","template":"","meta":{"footnotes":""},"class_list":["post-65","page","type-page","status-publish","hentry"],"jetpack_sharing_enabled":true,"_links":{"self":[{"href":"https:\/\/indiramorenogomez.com\/index.php\/wp-json\/wp\/v2\/pages\/65","targetHints":{"allow":["GET"]}}],"collection":[{"href":"https:\/\/indiramorenogomez.com\/index.php\/wp-json\/wp\/v2\/pages"}],"about":[{"href":"https:\/\/indiramorenogomez.com\/index.php\/wp-json\/wp\/v2\/types\/page"}],"author":[{"embeddable":true,"href":"https:\/\/indiramorenogomez.com\/index.php\/wp-json\/wp\/v2\/users\/1"}],"replies":[{"embeddable":true,"href":"https:\/\/indiramorenogomez.com\/index.php\/wp-json\/wp\/v2\/comments?post=65"}],"version-history":[{"count":8,"href":"https:\/\/indiramorenogomez.com\/index.php\/wp-json\/wp\/v2\/pages\/65\/revisions"}],"predecessor-version":[{"id":253,"href":"https:\/\/indiramorenogomez.com\/index.php\/wp-json\/wp\/v2\/pages\/65\/revisions\/253"}],"wp:attachment":[{"href":"https:\/\/indiramorenogomez.com\/index.php\/wp-json\/wp\/v2\/media?parent=65"}],"curies":[{"name":"wp","href":"https:\/\/api.w.org\/{rel}","templated":true}]}}